{"id":12,"date":"2020-05-28T12:13:47","date_gmt":"2020-05-28T12:13:47","guid":{"rendered":"https:\/\/pre.54.246.65.236.nip.io\/gs-es\/privacidad\/"},"modified":"2024-12-10T17:13:16","modified_gmt":"2024-12-10T16:13:16","slug":"privacidad","status":"publish","type":"page","link":"https:\/\/www.galpsolar.com\/es\/privacidad\/","title":{"rendered":"Pol\u00edtica de protecci\u00f3n de datos y de privacidad"},"content":{"rendered":"\n<p>El Grupo Galp garantiza el cumplimiento de las obligaciones derivadas del Reglamento (UE) 2016\/679 del Parlamento Europeo y del Consejo (RGPD) y dem\u00e1s legislaci\u00f3n en materia de protecci\u00f3n de datos personales y de privacidad.<\/p>\n\n\n\n<h2 class=\"wp-block-heading\">\u00bfQui\u00e9n es el responsable del tratamiento de mis datos personales?<\/h2>\n\n\n\n<p>Galp Energia Espa\u00f1a, S.A. Unipersonal, con sede en C \/ Francisca Delgado, 11&nbsp;&#8211; 28100 Alcobendas, Madrid (adelante \u201cGALP\u201d), es la responsable del tratamiento de sus datos personales para los fines que se indican a continuaci\u00f3n.<\/p>\n\n\n\n<h2 class=\"wp-block-heading\">\u00bfCon qu\u00e9 objetivo van a tratarse mis datos personales? \u00bfCu\u00e1l es el fundamento jur\u00eddico y el plazo de conservaci\u00f3n?<\/h2>\n\n\n\n<p>El tratamiento de sus datos personales tiene los siguientes objetivos, fundamentos jur\u00eddicos y plazos de conservaci\u00f3n:<\/p>\n\n\n<div class=\"wp-block-image\">\n<figure class=\"aligncenter size-large\"><img decoding=\"async\" src=\"https:\/\/www.galpsolar.com\/es\/wp-content\/uploads\/sites\/14\/2021\/03\/politica-privacidad-es.jpg\" alt=\"Pol\u00edtica de privacidad: periodo de conservaci\u00f3n de datos\"\/><\/figure><\/div>\n\n\n<p>Si el fundamento jur\u00eddico para el tratamiento de sus datos personales es el consentimiento o el inter\u00e9s leg\u00edtimo, puede, respectivamente, retirar su consentimiento u oponerse al tratamiento en cualquier momento, sin que de ello se derive ninguna consecuencia, y sin poner tampoco en riesgo la legalidad de los tratamientos realizados hasta entonces. Si retira su consentimiento o se comprueba su oposici\u00f3n expresa, GALP interrumpir\u00e1 inmediatamente el tratamiento de sus datos personales para el objetivo en cuesti\u00f3n, salvo si fuera necesario tratarlos para cumplir con obligaciones legales o contractuales.<\/p>\n\n\n\n<h2 class=\"wp-block-heading\">\u00bfQu\u00e9 datos personales se tratan?<\/h2>\n\n\n\n<p>En lo que respecta a los objetivos mencionados, GALP proceder\u00e1 al tratamiento de las siguientes categor\u00edas de datos personales: datos de identificaci\u00f3n personal, datos de contacto, datos de navegaci\u00f3n web, datos de consumo y datos contractuales.<\/p>\n\n\n\n<h2 class=\"wp-block-heading\">\u00bfC\u00f3mo se tratan mis datos personales?<\/h2>\n\n\n\n<p>Sus datos personales ser\u00e1n tratados por GALP , en lo que respecta a los objetivos anteriormente mencionados, conforme a la pol\u00edtica y las normas internas del Grupo Galp y mediante las medidas t\u00e9cnicas y organizativas adecuadas para promover la seguridad y la confidencialidad, especialmente en lo relativo al tratamiento no autorizado o il\u00edcito de sus datos personales y a la consecuente p\u00e9rdida, destrucci\u00f3n o deterioro accidental. Sus datos pueden seguir siendo tratados posteriormente para fines estad\u00edsticos.<\/p>\n\n\n\n<h2 class=\"wp-block-heading\">\u00bfQui\u00e9n recibe mis datos personales?<\/h2>\n\n\n\n<p>Sus datos personales se pueden ofrecer a empresas encargadas de prestar servicios a GALP (\u201cSubcontratadas\u201d) y que est\u00e1n vinculadas a la misma por contrato escrito. Solo pueden tratar sus datos personales para los objetivos estipulados, y no est\u00e1n autorizadas a tratarlos, directa o indirectamente, para cualquier otra finalidad, ya sea en beneficio propio o de terceros.<\/p>\n\n\n\n<p>Sus datos personales tambi\u00e9n se pueden compartir con entidades con las que GALP establezca asociaciones en virtud de acuerdos de responsabilidad conjunta.<\/p>\n\n\n\n<p>Si existiese un inter\u00e9s leg\u00edtimo para compartir los datos a nivel interno, sus datos personales podr\u00edan difundirse, para fines administrativos internos, entre las empresas del Grupo Galp.<\/p>\n\n\n\n<p>En virtud de las obligaciones legales y\/o contractuales, sus datos personales podr\u00e1n adem\u00e1s comunicarse a terceros para finalidades propias, por ejemplo, a operadores de red, bancos y aseguradoras, autoridades judiciales, administrativas, de supervisi\u00f3n o reguladoras, as\u00ed como a entidades que lleven a cabo, l\u00edcitamente, acciones de recopilaci\u00f3n de datos, de prevenci\u00f3n y combate contra el fraude o estudios de mercado y estad\u00edsticos.<\/p>\n\n\n\n<p>Cuando decide seguir a GALP en redes sociales o acceder a su sitio web a trav\u00e9s de las mismas, y con el objetivo de facilitar su navegaci\u00f3n por dicho sitio web, las entidades gestoras de las redes sociales y de ciertas funciones tratan sus datos personales. Todo ello se realiza conforme a las pol\u00edticas de privacidad correspondientes, que siempre recomendamos leer antes de navegar por el sitio web.<\/p>\n\n\n\n<p>GALP podr\u00eda, adem\u00e1s, transferir sus datos personales fuera del Espacio Econ\u00f3mico Europeo, siempre que est\u00e9 justificado en el marco de la ejecuci\u00f3n de un contrato o del cumplimiento de una obligaci\u00f3n legal, y con la garant\u00eda de que sus datos solo ser\u00e1n comunicados en virtud de una decisi\u00f3n de adecuaci\u00f3n de la Comisi\u00f3n Europea o de las cl\u00e1usulas est\u00e1ndar de protecci\u00f3n de datos (o an\u00e1logas) aprobadas por dicha instituci\u00f3n.<\/p>\n\n\n\n<h2 class=\"wp-block-heading\">\u00bfQu\u00e9 derechos tengo sobre mis datos personales?<\/h2>\n\n\n\n<p>En tanto que titular de los datos, tiene derecho, siempre que sea aplicable, a i) solicitar el acceso, rectificaci\u00f3n, limitaci\u00f3n, oposici\u00f3n, portabilidad y borrado de sus datos personales, (ii) presentar una reclamaci\u00f3n ante la autoridad de control competente \u2014en Espa\u00f1a, la Agencia espa\u00f1ola de protecci\u00f3n de datos- o (iii) obtener una reparaci\u00f3n y\/o indemnizaci\u00f3n, si considera que el tratamiento realizado viola sus derechos y\/o la legislaci\u00f3n en materia de protecci\u00f3n de datos personales y de privacidad aplicable.<\/p>\n\n\n\n<p>Haga clic <a href=\"https:\/\/privacyportal-eu-cdn.onetrust.com\/dsarwebform\/64fbe94e-22c5-42e8-b2aa-2df1e4cb0961\/a986b357-2418-480c-aa5b-0214223d4662.html\" target=\"_blank\" rel=\"noreferrer noopener\">aqu\u00ed<\/a> para ejercer sus derechos reconocidos en la legislaci\u00f3n aplicable en materia de datos personales y de privacidad.<\/p>\n\n\n\n<p>Como alternativa, puede ejercerlos a trav\u00e9s del correo electr\u00f3nico <a href=\"mailto:data.privacy@galp.com\">data.privacy@galp.com<\/a> o por correo postal, a la atenci\u00f3n del Gabinete de Prote\u00e7\u00e3o de Dados Pessoais, con direcci\u00f3n Rua Tom\u00e1s da Fonseca, Torre A &#8211; 13\u00ba piso, 1600-209, Lisboa.<\/p>\n\n\n\n<p>Adem\u00e1s, puede contactar con el Delegado de protecci\u00f3n de datos del Grupo Galp para cualquier cuesti\u00f3n relacionada con la protecci\u00f3n y la privacidad de sus datos personales a trav\u00e9s del correo electr\u00f3nico <a href=\"mailto:dpo@galp.com\">dpo@galp.com<\/a>.<\/p>\n\n\n\n<h2 class=\"wp-block-heading\">Informaci\u00f3n sobre <em>cookies<\/em><\/h2>\n\n\n\n<p>Se aconseja que lea la <a href=\"https:\/\/galpidprd.blob.core.windows.net\/shared\/es-ES\/cookies_ES.pdf\" target=\"_blank\" rel=\"noreferrer noopener\">Pol\u00edtica de <em>cookies<\/em><\/a> para saber m\u00e1s sobre el tratamiento que se realiza de sus datos personales a trav\u00e9s de esta funci\u00f3n.<\/p>\n\n\n\n<h2 class=\"wp-block-heading\">Cambios en la Pol\u00edtica de protecci\u00f3n de datos personales y de privacidad<\/h2>\n\n\n\n<p>GALP puede, en cualquier momento, y siempre de manera justificada, cambiar esta Pol\u00edtica de protecci\u00f3n de datos personales y privacidad conforme a los nuevos requisitos legales o reglamentarios o proceder a su actualizaci\u00f3n. Se aconseja que consulte regularmente esta Pol\u00edtica para comprobar las versiones m\u00e1s actualizadas.<\/p>\n\n\n\n<p>Fecha de la \u00faltima actualizaci\u00f3n: 02\/01\/2024<\/p>\n","protected":false},"excerpt":{"rendered":"<p>El Grupo Galp garantiza el cumplimiento de las obligaciones derivadas del Reglamento (UE) 2016\/679 del Parlamento Europeo y del Consejo (RGPD) y dem\u00e1s legislaci\u00f3n en materia de protecci\u00f3n de datos personales y de privacidad. \u00bfQui\u00e9n es el responsable del tratamiento de mis datos personales? Galp Energia Espa\u00f1a, S.A. Unipersonal, con sede en C \/ Francisca &#8230; <a title=\"Pol\u00edtica de protecci\u00f3n de datos y de privacidad\" class=\"read-more\" href=\"https:\/\/www.galpsolar.com\/es\/privacidad\/\" aria-label=\"Leer m\u00e1s sobre Pol\u00edtica de protecci\u00f3n de datos y de privacidad\">Leer m\u00e1s<\/a><\/p>\n","protected":false},"author":1,"featured_media":0,"parent":0,"menu_order":0,"comment_status":"closed","ping_status":"closed","template":"","meta":{"_acf_changed":false,"footnotes":""},"wf_page_folders":[48],"class_list":["post-12","page","type-page","status-publish"],"acf":[],"yoast_head":"<!-- This site is optimized with the Yoast SEO plugin v23.7 - https:\/\/yoast.com\/wordpress\/plugins\/seo\/ -->\n<title>Pol\u00edtica de protecci\u00f3n de datos y de privacidad - Galp Solar - Espa\u00f1a<\/title>\n<meta name=\"robots\" content=\"noindex, follow\" \/>\n<meta property=\"og:locale\" content=\"es_ES\" \/>\n<meta property=\"og:type\" content=\"article\" \/>\n<meta property=\"og:title\" content=\"Pol\u00edtica de protecci\u00f3n de datos y de privacidad - Galp Solar - Espa\u00f1a\" \/>\n<meta property=\"og:description\" content=\"El Grupo Galp garantiza el cumplimiento de las obligaciones derivadas del Reglamento (UE) 2016\/679 del Parlamento Europeo y del Consejo (RGPD) y dem\u00e1s legislaci\u00f3n en materia de protecci\u00f3n de datos personales y de privacidad. \u00bfQui\u00e9n es el responsable del tratamiento de mis datos personales? Galp Energia Espa\u00f1a, S.A. Unipersonal, con sede en C \/ Francisca ... Leer m\u00e1s\" \/>\n<meta property=\"og:url\" content=\"https:\/\/www.galpsolar.com\/es\/privacidad\/\" \/>\n<meta property=\"og:site_name\" content=\"Galp Solar - Espa\u00f1a\" \/>\n<meta property=\"article:modified_time\" content=\"2024-12-10T16:13:16+00:00\" \/>\n<meta property=\"og:image\" content=\"https:\/\/www.galpsolar.com\/es\/wp-content\/uploads\/sites\/14\/2021\/03\/politica-privacidad-es.jpg\" \/>\n<meta name=\"twitter:card\" content=\"summary_large_image\" \/>\n<meta name=\"twitter:label1\" content=\"Tiempo de lectura\" \/>\n\t<meta name=\"twitter:data1\" content=\"5 minutos\" \/>\n<script type=\"application\/ld+json\" class=\"yoast-schema-graph\">{\"@context\":\"https:\/\/schema.org\",\"@graph\":[{\"@type\":\"WebPage\",\"@id\":\"https:\/\/www.galpsolar.com\/es\/privacidad\/\",\"url\":\"https:\/\/www.galpsolar.com\/es\/privacidad\/\",\"name\":\"Pol\u00edtica de protecci\u00f3n de datos y de privacidad - Galp Solar - Espa\u00f1a\",\"isPartOf\":{\"@id\":\"https:\/\/www.galpsolar.com\/es\/#website\"},\"primaryImageOfPage\":{\"@id\":\"https:\/\/www.galpsolar.com\/es\/privacidad\/#primaryimage\"},\"image\":{\"@id\":\"https:\/\/www.galpsolar.com\/es\/privacidad\/#primaryimage\"},\"thumbnailUrl\":\"https:\/\/www.galpsolar.com\/es\/wp-content\/uploads\/sites\/14\/2021\/03\/politica-privacidad-es.jpg\",\"datePublished\":\"2020-05-28T12:13:47+00:00\",\"dateModified\":\"2024-12-10T16:13:16+00:00\",\"breadcrumb\":{\"@id\":\"https:\/\/www.galpsolar.com\/es\/privacidad\/#breadcrumb\"},\"inLanguage\":\"es\",\"potentialAction\":[{\"@type\":\"ReadAction\",\"target\":[\"https:\/\/www.galpsolar.com\/es\/privacidad\/\"]}]},{\"@type\":\"ImageObject\",\"inLanguage\":\"es\",\"@id\":\"https:\/\/www.galpsolar.com\/es\/privacidad\/#primaryimage\",\"url\":\"https:\/\/www.galpsolar.com\/es\/wp-content\/uploads\/sites\/14\/2021\/03\/politica-privacidad-es.jpg\",\"contentUrl\":\"https:\/\/www.galpsolar.com\/es\/wp-content\/uploads\/sites\/14\/2021\/03\/politica-privacidad-es.jpg\",\"width\":800,\"height\":787,\"caption\":\"Pol\u00edtica de privacidad: periodo de conservaci\u00f3n de datos\"},{\"@type\":\"BreadcrumbList\",\"@id\":\"https:\/\/www.galpsolar.com\/es\/privacidad\/#breadcrumb\",\"itemListElement\":[{\"@type\":\"ListItem\",\"position\":1,\"name\":\"Portada\",\"item\":\"https:\/\/www.galpsolar.com\/es\/\"},{\"@type\":\"ListItem\",\"position\":2,\"name\":\"Pol\u00edtica de protecci\u00f3n de datos y de privacidad\"}]},{\"@type\":\"WebSite\",\"@id\":\"https:\/\/www.galpsolar.com\/es\/#website\",\"url\":\"https:\/\/www.galpsolar.com\/es\/\",\"name\":\"Galp Solar - Espa\u00f1a\",\"description\":\"Si tienes un tejado, tienes un negocio\",\"publisher\":{\"@id\":\"https:\/\/www.galpsolar.com\/es\/#organization\"},\"potentialAction\":[{\"@type\":\"SearchAction\",\"target\":{\"@type\":\"EntryPoint\",\"urlTemplate\":\"https:\/\/www.galpsolar.com\/es\/?s={search_term_string}\"},\"query-input\":{\"@type\":\"PropertyValueSpecification\",\"valueRequired\":true,\"valueName\":\"search_term_string\"}}],\"inLanguage\":\"es\"},{\"@type\":\"Organization\",\"@id\":\"https:\/\/www.galpsolar.com\/es\/#organization\",\"name\":\"Galp Solar\",\"url\":\"https:\/\/www.galpsolar.com\/es\/\",\"logo\":{\"@type\":\"ImageObject\",\"inLanguage\":\"es\",\"@id\":\"https:\/\/www.galpsolar.com\/es\/#\/schema\/logo\/image\/\",\"url\":\"https:\/\/www.galpsolar.com\/es\/wp-content\/uploads\/sites\/14\/2021\/12\/GalpSolar-logo-1.svg\",\"contentUrl\":\"https:\/\/www.galpsolar.com\/es\/wp-content\/uploads\/sites\/14\/2021\/12\/GalpSolar-logo-1.svg\",\"width\":168,\"height\":48,\"caption\":\"Galp Solar\"},\"image\":{\"@id\":\"https:\/\/www.galpsolar.com\/es\/#\/schema\/logo\/image\/\"}}]}<\/script>\n<!-- \/ Yoast SEO plugin. -->","yoast_head_json":{"title":"Pol\u00edtica de protecci\u00f3n de datos y de privacidad - Galp Solar - Espa\u00f1a","robots":{"index":"noindex","follow":"follow"},"og_locale":"es_ES","og_type":"article","og_title":"Pol\u00edtica de protecci\u00f3n de datos y de privacidad - Galp Solar - Espa\u00f1a","og_description":"El Grupo Galp garantiza el cumplimiento de las obligaciones derivadas del Reglamento (UE) 2016\/679 del Parlamento Europeo y del Consejo (RGPD) y dem\u00e1s legislaci\u00f3n en materia de protecci\u00f3n de datos personales y de privacidad. \u00bfQui\u00e9n es el responsable del tratamiento de mis datos personales? Galp Energia Espa\u00f1a, S.A. Unipersonal, con sede en C \/ Francisca ... Leer m\u00e1s","og_url":"https:\/\/www.galpsolar.com\/es\/privacidad\/","og_site_name":"Galp Solar - Espa\u00f1a","article_modified_time":"2024-12-10T16:13:16+00:00","og_image":[{"url":"https:\/\/www.galpsolar.com\/es\/wp-content\/uploads\/sites\/14\/2021\/03\/politica-privacidad-es.jpg"}],"twitter_card":"summary_large_image","twitter_misc":{"Tiempo de lectura":"5 minutos"},"schema":{"@context":"https:\/\/schema.org","@graph":[{"@type":"WebPage","@id":"https:\/\/www.galpsolar.com\/es\/privacidad\/","url":"https:\/\/www.galpsolar.com\/es\/privacidad\/","name":"Pol\u00edtica de protecci\u00f3n de datos y de privacidad - Galp Solar - Espa\u00f1a","isPartOf":{"@id":"https:\/\/www.galpsolar.com\/es\/#website"},"primaryImageOfPage":{"@id":"https:\/\/www.galpsolar.com\/es\/privacidad\/#primaryimage"},"image":{"@id":"https:\/\/www.galpsolar.com\/es\/privacidad\/#primaryimage"},"thumbnailUrl":"https:\/\/www.galpsolar.com\/es\/wp-content\/uploads\/sites\/14\/2021\/03\/politica-privacidad-es.jpg","datePublished":"2020-05-28T12:13:47+00:00","dateModified":"2024-12-10T16:13:16+00:00","breadcrumb":{"@id":"https:\/\/www.galpsolar.com\/es\/privacidad\/#breadcrumb"},"inLanguage":"es","potentialAction":[{"@type":"ReadAction","target":["https:\/\/www.galpsolar.com\/es\/privacidad\/"]}]},{"@type":"ImageObject","inLanguage":"es","@id":"https:\/\/www.galpsolar.com\/es\/privacidad\/#primaryimage","url":"https:\/\/www.galpsolar.com\/es\/wp-content\/uploads\/sites\/14\/2021\/03\/politica-privacidad-es.jpg","contentUrl":"https:\/\/www.galpsolar.com\/es\/wp-content\/uploads\/sites\/14\/2021\/03\/politica-privacidad-es.jpg","width":800,"height":787,"caption":"Pol\u00edtica de privacidad: periodo de conservaci\u00f3n de datos"},{"@type":"BreadcrumbList","@id":"https:\/\/www.galpsolar.com\/es\/privacidad\/#breadcrumb","itemListElement":[{"@type":"ListItem","position":1,"name":"Portada","item":"https:\/\/www.galpsolar.com\/es\/"},{"@type":"ListItem","position":2,"name":"Pol\u00edtica de protecci\u00f3n de datos y de privacidad"}]},{"@type":"WebSite","@id":"https:\/\/www.galpsolar.com\/es\/#website","url":"https:\/\/www.galpsolar.com\/es\/","name":"Galp Solar - Espa\u00f1a","description":"Si tienes un tejado, tienes un negocio","publisher":{"@id":"https:\/\/www.galpsolar.com\/es\/#organization"},"potentialAction":[{"@type":"SearchAction","target":{"@type":"EntryPoint","urlTemplate":"https:\/\/www.galpsolar.com\/es\/?s={search_term_string}"},"query-input":{"@type":"PropertyValueSpecification","valueRequired":true,"valueName":"search_term_string"}}],"inLanguage":"es"},{"@type":"Organization","@id":"https:\/\/www.galpsolar.com\/es\/#organization","name":"Galp Solar","url":"https:\/\/www.galpsolar.com\/es\/","logo":{"@type":"ImageObject","inLanguage":"es","@id":"https:\/\/www.galpsolar.com\/es\/#\/schema\/logo\/image\/","url":"https:\/\/www.galpsolar.com\/es\/wp-content\/uploads\/sites\/14\/2021\/12\/GalpSolar-logo-1.svg","contentUrl":"https:\/\/www.galpsolar.com\/es\/wp-content\/uploads\/sites\/14\/2021\/12\/GalpSolar-logo-1.svg","width":168,"height":48,"caption":"Galp Solar"},"image":{"@id":"https:\/\/www.galpsolar.com\/es\/#\/schema\/logo\/image\/"}}]}},"_links":{"self":[{"href":"https:\/\/www.galpsolar.com\/es\/wp-json\/wp\/v2\/pages\/12"}],"collection":[{"href":"https:\/\/www.galpsolar.com\/es\/wp-json\/wp\/v2\/pages"}],"about":[{"href":"https:\/\/www.galpsolar.com\/es\/wp-json\/wp\/v2\/types\/page"}],"author":[{"embeddable":true,"href":"https:\/\/www.galpsolar.com\/es\/wp-json\/wp\/v2\/users\/1"}],"replies":[{"embeddable":true,"href":"https:\/\/www.galpsolar.com\/es\/wp-json\/wp\/v2\/comments?post=12"}],"version-history":[{"count":4,"href":"https:\/\/www.galpsolar.com\/es\/wp-json\/wp\/v2\/pages\/12\/revisions"}],"predecessor-version":[{"id":41092,"href":"https:\/\/www.galpsolar.com\/es\/wp-json\/wp\/v2\/pages\/12\/revisions\/41092"}],"wp:attachment":[{"href":"https:\/\/www.galpsolar.com\/es\/wp-json\/wp\/v2\/media?parent=12"}],"wp:term":[{"taxonomy":"wf_page_folders","embeddable":true,"href":"https:\/\/www.galpsolar.com\/es\/wp-json\/wp\/v2\/wf_page_folders?post=12"}],"curies":[{"name":"wp","href":"https:\/\/api.w.org\/{rel}","templated":true}]}}