{"id":35209,"date":"2023-03-30T15:59:54","date_gmt":"2023-03-30T13:59:54","guid":{"rendered":"https:\/\/www.galpsolar.com\/es\/?page_id=35209"},"modified":"2024-12-10T17:12:53","modified_gmt":"2024-12-10T16:12:53","slug":"condiciones-promo-mundo-galp","status":"publish","type":"page","link":"https:\/\/www.galpsolar.com\/es\/condiciones-promo-mundo-galp\/","title":{"rendered":"Condiciones Particulares de la promoci\u00f3n &#8216;Elige tu mundo&#8217;"},"content":{"rendered":"\n<h2 class=\"wp-block-heading\"><strong>Compa\u00f1\u00eda organizadora<\/strong><\/h2>\n\n\n\n<p>La sociedad GALP ENERGIA ESPA\u00d1A, S.A.U. provista de N.I.F. n\u00famero A28559573 y con domicilio social en calle Francisca Delgado n\u00famero 11, plantas 4\u00aa y 5\u00aa, Alcobendas, Madrid (en adelante, \u201c<strong>GALP<\/strong>\u201d), tiene previsto realizar una acci\u00f3n promocional dirigida a usuarios registrados en el Sitio Web y\/o la App del programa de fidelizaci\u00f3n Mundo Galp (en adelante, individualmente como el \u201c<strong>Participante<\/strong>\u201d y conjuntamente como los \u201c<strong>Participantes<\/strong>\u201d), consistente en una promoci\u00f3n,&nbsp;que se desarrollar\u00e1 de conformidad con lo establecido en las presentes Condiciones Particulares (en adelante, las \u201c<strong>Condiciones Particulares<\/strong>\u201d).<\/p>\n\n\n\n<p>Dicha promoci\u00f3n se denominar\u00e1 \u201c<strong>Elige tu Mundo<\/strong>\u201d (en adelante, la \u201c<strong>Promoci\u00f3n<\/strong>\u201d).<\/p>\n\n\n\n<p>Se hace constar que las bases legales de promociones Mundo Galp publicadas en&nbsp;<a href=\"https:\/\/galp.com\/es\/mundo-galp\/baseslegales-promociones\">https:\/\/galp.com\/es\/mundo-galp\/baseslegales-promociones<\/a>&nbsp;(en adelante, las \u201c<strong>Condiciones Generales<\/strong>\u201d), son parte inseparable de las presentes Condiciones Particulares y forman parte integrante de las mismas a todos los efectos.<\/p>\n\n\n\n<h2 class=\"wp-block-heading\"><strong>Periodo Promocional <\/strong><\/h2>\n\n\n\n<p>La Promoci\u00f3n se iniciar\u00e1 con fecha 01 de noviembre del 2023 a las 00:00:00 horas, y se desarrollar\u00e1 hasta el 31 de marzo del 2024 a las 23:59:59 horas, ambos inclusive (en adelante, el \u201c<strong>Periodo Promocional<\/strong>\u201d).<\/p>\n\n\n\n<p>Llegado el vencimiento de Periodo Promocional, \u00e9ste podr\u00e1 prorrogarse en periodos sucesivos mensuales en funci\u00f3n de las condiciones del mercado y de la propia decisi\u00f3n de GALP.<\/p>\n\n\n\n<h2 class=\"wp-block-heading\"><strong>La Promoci\u00f3n<\/strong><\/h2>\n\n\n\n<p>El objeto de la presente Promoci\u00f3n es la aplicaci\u00f3n temporal (durante el Periodo Promocional y de sus posibles pr\u00f3rrogas), de una oferta de ahorro multienerg\u00e9tica que incluye tanto carburantes como soluciones de autoconsumo. En concreto, la campa\u00f1a promocional \u201cElige tu mundo\u201d&nbsp;\u2013 dividida en tres (3) planes de descuento independientes&nbsp;\u2013&nbsp;pretende unir en un mismo mundo los descuentos en combustibles, soluciones de autoconsumo solar y recarga el\u00e9ctrica:<\/p>\n\n\n\n<p>\u2013&nbsp;&nbsp;<strong>Mundo Solar:<\/strong>&nbsp;Aquellos usuarios que instalen paneles solares para su autoconsumo, con o sin bater\u00edas, tendr\u00e1n acceso, durante el primer a\u00f1o desde la instalaci\u00f3n solar, a un descuento de hasta veinte c\u00e9ntimos de euro por litro (0,20 \u20ac\/L) en combustibles premium \u2013 Evologic y de quince c\u00e9ntimos de euro por litro (0,15 \u20ac\/L) en combustibles regulares. En el segundo a\u00f1o, el descuento ser\u00e1 de hasta trece c\u00e9ntimos de euro por litro (0,13\u20ac\/L) en combustibles premium &#8211; Evologic y de ocho c\u00e9ntimos de euro por litro (0,08\u20ac\/L) en combustibles regulares. Con un m\u00e1ximo de dos mil (2.000) litros al a\u00f1o, divididos en doscientos litros (200 L) al mes, sin perjuicio de posibles cambios que GALP considere convenientes en la din\u00e1mica de los repostajes y que tengan lugar en las pr\u00f3rrogas (si las hubiere) del Periodo Promocional.<\/p>\n\n\n\n<p>Los c\u00f3digos ser\u00e1n entregados por Galp una vez que el cliente haya firmado el contrato relativo a la instalaci\u00f3n el\u00e9ctrica. En caso de cancelaci\u00f3n de la instalaci\u00f3n, se le retirar\u00e1 el cup\u00f3n-descuento de forma inmediata. As\u00ed mismo, en el supuesto de que acontezca un supuesto incumplimiento de las obligaciones contractuales asumidas por la parte del cliente bajo el contrato de instalaci\u00f3n el\u00e9ctrica, GALP ejercer\u00e1 el derecho a cancelar el cup\u00f3n-descuento en carburante correspondiente al contrato en cuesti\u00f3n.&nbsp;<\/p>\n\n\n\n<p>Cada instalaci\u00f3n solo tendr\u00e1 disponible un (1) c\u00f3digo-descuento por cliente. Si bien cada cliente solo podr\u00e1 tener activo un c\u00f3digo-descuento.<\/p>\n\n\n\n<p>Una vez contratado el producto con Galp, los clientes acceder\u00e1n a un c\u00f3digo de descuento, personal e intransferible, que permitir\u00e1 al cliente utilizarlo en Mundo Galp para obtener un QR de descuento en combustibles.<\/p>\n\n\n\n<p>No acumulable a otras ofertas\/descuentos Mundo Galp, tarjetas profesionales ni Bip&amp;Drive.&nbsp;&nbsp;<\/p>\n\n\n\n<p>Consulta todas las condiciones en www.galpsolar.com&nbsp;<\/p>\n\n\n\n<h2 class=\"wp-block-heading\"><strong>Requisitos y mec\u00e1nica de la Promoci\u00f3n<\/strong><\/h2>\n\n\n\n<p>Los Participantes que cumplan con los requisitos establecidos en las presentes Condiciones Particulares y en las Condiciones Generales podr\u00e1n participar en la Promoci\u00f3n.<\/p>\n\n\n\n<p>La Promoci\u00f3n tiene car\u00e1cter gratuito y no implica en s\u00ed misma pago adicional alguno para participar ni para la obtenci\u00f3n de los cupones-descuento ofrecidos.<\/p>\n\n\n\n<p>Para participar se deber\u00e1n seguir los siguientes pasos:<\/p>\n\n\n\n<p>1.&nbsp;&nbsp;&nbsp;GALP comunicar\u00e1 a los Participantes los detalles de la Promoci\u00f3n a trav\u00e9s de alguno de los siguientes medios:<\/p>\n\n\n\n<p>\u2013&nbsp;P\u00e1gina web de Galp <a href=\"https:\/\/galpsolar.com\/es\/\">https:\/\/galpsolar.com\/es\/<\/a><\/p>\n\n\n\n<p>\u2013&nbsp;Mundo Galp (<em>banner y push<\/em>)<\/p>\n\n\n\n<p>\u2013&nbsp;Instagram<\/p>\n\n\n\n<p>\u2013&nbsp;Facebook<\/p>\n\n\n\n<p>\u2013&nbsp;Otros medios digitales o f\u00edsicos.<\/p>\n\n\n\n<p>2.&nbsp;&nbsp;&nbsp;La aceptaci\u00f3n del descuento obtenido por el Participante es de car\u00e1cter voluntario, renunciando a cualquier reclamaci\u00f3n contra GALP por tal motivo.<\/p>\n\n\n\n<p>4.&nbsp;&nbsp;&nbsp;El descuento obtenido en base a esta Promoci\u00f3n quedan sujetos a estas Condiciones Particulares y no ser\u00e1 posible sustituirlos por dinero en met\u00e1lico y, en ning\u00fan caso, ser\u00e1n susceptibles de cambio, alteraci\u00f3n o compensaci\u00f3n a petici\u00f3n del Participante. Si el cliente rechaza el cup\u00f3n-descuento y\/o el descuento obtenido, no se le ofrecer\u00e1 ning\u00fan obsequio alternativo.<\/p>\n\n\n\n<p>5.&nbsp;&nbsp;&nbsp;Para acceder a la Promoci\u00f3n:<\/p>\n\n\n\n<p>\u2013&nbsp;&nbsp;&nbsp;&nbsp;&nbsp;&nbsp;Tras la contrataci\u00f3n de su instalaci\u00f3n de paneles solares, Galp le har\u00e1 llegar un c\u00f3digo \u00fanico e intransferible para disfrutar de su descuento en Mundo Galp.<\/p>\n\n\n\n<p>\u2013&nbsp;&nbsp;&nbsp;&nbsp;&nbsp;&nbsp;Si el cliente es usuario Galp Electric, Galp le har\u00e1 llegar un c\u00f3digo \u00fanico e intransferible para disfrutar de su descuento en Mundo Galp.<\/p>\n\n\n\n<h2 class=\"wp-block-heading\"><strong>Consultas o incidencias<\/strong><\/h2>\n\n\n\n<p>Para resolver cualquier consulta, queja o incidencia en el proceso de participaci\u00f3n en la Promoci\u00f3n, el Participante deber\u00e1 contactar con el&nbsp;<em>call center<\/em>&nbsp;de Galp en el 900 861 800 o en el correo electr\u00f3nico:&nbsp;<a href=\"mailto:hola@galpsoar.com\">hola@galpsoar.com<\/a><\/p>\n\n\n\n<h2 class=\"wp-block-heading\"><strong>Aceptaci\u00f3n de las condiciones de la Promoci\u00f3n<\/strong><\/h2>\n\n\n\n<p>Los Participantes aceptar\u00e1n todas y cada una de las disposiciones descritas en las presentes Condiciones Particulares de esta Promoci\u00f3n, as\u00ed como tambi\u00e9n las Condiciones Generales que se encuentran publicadas en&nbsp;<a href=\"https:\/\/galp.com\/es\/mundo-galp\/baseslegales-promociones\">https:\/\/galp.com\/es\/mundo-galp\/baseslegales-promociones<\/a>&nbsp;que son aplicables a cualquier promoci\u00f3n, y se entienden forman parte de estas Condiciones Particulares a todos los efectos legales.<\/p>\n\n\n\n<p>Ser\u00e1 responsabilidad de cada Participante leer y aceptar estas Condiciones Particulares y las Condiciones Generales. En caso de discrepancia entre dichos documentos, el orden de prelaci\u00f3n de \u00e9stos ser\u00e1 el siguiente: 1) Condiciones Particulares, y, 2) Condiciones Generales.<\/p>\n\n\n\n<p>En Alcobendas de Madrid, a 01&nbsp;de noviembre de&nbsp;2023<\/p>\n","protected":false},"excerpt":{"rendered":"<p>Compa\u00f1\u00eda organizadora La sociedad GALP ENERGIA ESPA\u00d1A, S.A.U. provista de N.I.F. n\u00famero A28559573 y con domicilio social en calle Francisca Delgado n\u00famero 11, plantas 4\u00aa y 5\u00aa, Alcobendas, Madrid (en adelante, \u201cGALP\u201d), tiene previsto realizar una acci\u00f3n promocional dirigida a usuarios registrados en el Sitio Web y\/o la App del programa de fidelizaci\u00f3n Mundo Galp &#8230; <a title=\"Condiciones Particulares de la promoci\u00f3n &#8216;Elige tu mundo&#8217;\" class=\"read-more\" href=\"https:\/\/www.galpsolar.com\/es\/condiciones-promo-mundo-galp\/\" aria-label=\"Leer m\u00e1s sobre Condiciones Particulares de la promoci\u00f3n &#8216;Elige tu mundo&#8217;\">Leer m\u00e1s<\/a><\/p>\n","protected":false},"author":3,"featured_media":0,"parent":0,"menu_order":0,"comment_status":"closed","ping_status":"closed","template":"","meta":{"_acf_changed":false,"footnotes":""},"wf_page_folders":[48],"class_list":["post-35209","page","type-page","status-publish"],"acf":[],"yoast_head":"<!-- This site is optimized with the Yoast SEO plugin v23.7 - https:\/\/yoast.com\/wordpress\/plugins\/seo\/ -->\n<title>Condiciones Particulares de la promoci\u00f3n &#039;Elige tu mundo&#039; - Galp Solar - Espa\u00f1a<\/title>\n<meta name=\"robots\" content=\"noindex, follow\" \/>\n<meta property=\"og:locale\" content=\"es_ES\" \/>\n<meta property=\"og:type\" content=\"article\" \/>\n<meta property=\"og:title\" content=\"Condiciones Particulares de la promoci\u00f3n &#039;Elige tu mundo&#039; - Galp Solar - Espa\u00f1a\" \/>\n<meta property=\"og:description\" content=\"Compa\u00f1\u00eda organizadora La sociedad GALP ENERGIA ESPA\u00d1A, S.A.U. provista de N.I.F. n\u00famero A28559573 y con domicilio social en calle Francisca Delgado n\u00famero 11, plantas 4\u00aa y 5\u00aa, Alcobendas, Madrid (en adelante, \u201cGALP\u201d), tiene previsto realizar una acci\u00f3n promocional dirigida a usuarios registrados en el Sitio Web y\/o la App del programa de fidelizaci\u00f3n Mundo Galp ... Leer m\u00e1s\" \/>\n<meta property=\"og:url\" content=\"https:\/\/www.galpsolar.com\/es\/condiciones-promo-mundo-galp\/\" \/>\n<meta property=\"og:site_name\" content=\"Galp Solar - Espa\u00f1a\" \/>\n<meta property=\"article:modified_time\" content=\"2024-12-10T16:12:53+00:00\" \/>\n<meta name=\"twitter:card\" content=\"summary_large_image\" \/>\n<meta name=\"twitter:label1\" content=\"Tiempo de lectura\" \/>\n\t<meta name=\"twitter:data1\" content=\"5 minutos\" \/>\n<script type=\"application\/ld+json\" class=\"yoast-schema-graph\">{\"@context\":\"https:\/\/schema.org\",\"@graph\":[{\"@type\":\"WebPage\",\"@id\":\"https:\/\/www.galpsolar.com\/es\/condiciones-promo-mundo-galp\/\",\"url\":\"https:\/\/www.galpsolar.com\/es\/condiciones-promo-mundo-galp\/\",\"name\":\"Condiciones Particulares de la promoci\u00f3n 'Elige tu mundo' - Galp Solar - Espa\u00f1a\",\"isPartOf\":{\"@id\":\"https:\/\/www.galpsolar.com\/es\/#website\"},\"datePublished\":\"2023-03-30T13:59:54+00:00\",\"dateModified\":\"2024-12-10T16:12:53+00:00\",\"breadcrumb\":{\"@id\":\"https:\/\/www.galpsolar.com\/es\/condiciones-promo-mundo-galp\/#breadcrumb\"},\"inLanguage\":\"es\",\"potentialAction\":[{\"@type\":\"ReadAction\",\"target\":[\"https:\/\/www.galpsolar.com\/es\/condiciones-promo-mundo-galp\/\"]}]},{\"@type\":\"BreadcrumbList\",\"@id\":\"https:\/\/www.galpsolar.com\/es\/condiciones-promo-mundo-galp\/#breadcrumb\",\"itemListElement\":[{\"@type\":\"ListItem\",\"position\":1,\"name\":\"Portada\",\"item\":\"https:\/\/www.galpsolar.com\/es\/\"},{\"@type\":\"ListItem\",\"position\":2,\"name\":\"Condiciones Particulares de la promoci\u00f3n &#8216;Elige tu mundo&#8217;\"}]},{\"@type\":\"WebSite\",\"@id\":\"https:\/\/www.galpsolar.com\/es\/#website\",\"url\":\"https:\/\/www.galpsolar.com\/es\/\",\"name\":\"Galp Solar - Espa\u00f1a\",\"description\":\"Si tienes un tejado, tienes un negocio\",\"publisher\":{\"@id\":\"https:\/\/www.galpsolar.com\/es\/#organization\"},\"potentialAction\":[{\"@type\":\"SearchAction\",\"target\":{\"@type\":\"EntryPoint\",\"urlTemplate\":\"https:\/\/www.galpsolar.com\/es\/?s={search_term_string}\"},\"query-input\":{\"@type\":\"PropertyValueSpecification\",\"valueRequired\":true,\"valueName\":\"search_term_string\"}}],\"inLanguage\":\"es\"},{\"@type\":\"Organization\",\"@id\":\"https:\/\/www.galpsolar.com\/es\/#organization\",\"name\":\"Galp Solar\",\"url\":\"https:\/\/www.galpsolar.com\/es\/\",\"logo\":{\"@type\":\"ImageObject\",\"inLanguage\":\"es\",\"@id\":\"https:\/\/www.galpsolar.com\/es\/#\/schema\/logo\/image\/\",\"url\":\"https:\/\/www.galpsolar.com\/es\/wp-content\/uploads\/sites\/14\/2021\/12\/GalpSolar-logo-1.svg\",\"contentUrl\":\"https:\/\/www.galpsolar.com\/es\/wp-content\/uploads\/sites\/14\/2021\/12\/GalpSolar-logo-1.svg\",\"width\":168,\"height\":48,\"caption\":\"Galp Solar\"},\"image\":{\"@id\":\"https:\/\/www.galpsolar.com\/es\/#\/schema\/logo\/image\/\"}}]}<\/script>\n<!-- \/ Yoast SEO plugin. -->","yoast_head_json":{"title":"Condiciones Particulares de la promoci\u00f3n 'Elige tu mundo' - Galp Solar - Espa\u00f1a","robots":{"index":"noindex","follow":"follow"},"og_locale":"es_ES","og_type":"article","og_title":"Condiciones Particulares de la promoci\u00f3n 'Elige tu mundo' - Galp Solar - Espa\u00f1a","og_description":"Compa\u00f1\u00eda organizadora La sociedad GALP ENERGIA ESPA\u00d1A, S.A.U. provista de N.I.F. n\u00famero A28559573 y con domicilio social en calle Francisca Delgado n\u00famero 11, plantas 4\u00aa y 5\u00aa, Alcobendas, Madrid (en adelante, \u201cGALP\u201d), tiene previsto realizar una acci\u00f3n promocional dirigida a usuarios registrados en el Sitio Web y\/o la App del programa de fidelizaci\u00f3n Mundo Galp ... Leer m\u00e1s","og_url":"https:\/\/www.galpsolar.com\/es\/condiciones-promo-mundo-galp\/","og_site_name":"Galp Solar - Espa\u00f1a","article_modified_time":"2024-12-10T16:12:53+00:00","twitter_card":"summary_large_image","twitter_misc":{"Tiempo de lectura":"5 minutos"},"schema":{"@context":"https:\/\/schema.org","@graph":[{"@type":"WebPage","@id":"https:\/\/www.galpsolar.com\/es\/condiciones-promo-mundo-galp\/","url":"https:\/\/www.galpsolar.com\/es\/condiciones-promo-mundo-galp\/","name":"Condiciones Particulares de la promoci\u00f3n 'Elige tu mundo' - Galp Solar - Espa\u00f1a","isPartOf":{"@id":"https:\/\/www.galpsolar.com\/es\/#website"},"datePublished":"2023-03-30T13:59:54+00:00","dateModified":"2024-12-10T16:12:53+00:00","breadcrumb":{"@id":"https:\/\/www.galpsolar.com\/es\/condiciones-promo-mundo-galp\/#breadcrumb"},"inLanguage":"es","potentialAction":[{"@type":"ReadAction","target":["https:\/\/www.galpsolar.com\/es\/condiciones-promo-mundo-galp\/"]}]},{"@type":"BreadcrumbList","@id":"https:\/\/www.galpsolar.com\/es\/condiciones-promo-mundo-galp\/#breadcrumb","itemListElement":[{"@type":"ListItem","position":1,"name":"Portada","item":"https:\/\/www.galpsolar.com\/es\/"},{"@type":"ListItem","position":2,"name":"Condiciones Particulares de la promoci\u00f3n &#8216;Elige tu mundo&#8217;"}]},{"@type":"WebSite","@id":"https:\/\/www.galpsolar.com\/es\/#website","url":"https:\/\/www.galpsolar.com\/es\/","name":"Galp Solar - Espa\u00f1a","description":"Si tienes un tejado, tienes un negocio","publisher":{"@id":"https:\/\/www.galpsolar.com\/es\/#organization"},"potentialAction":[{"@type":"SearchAction","target":{"@type":"EntryPoint","urlTemplate":"https:\/\/www.galpsolar.com\/es\/?s={search_term_string}"},"query-input":{"@type":"PropertyValueSpecification","valueRequired":true,"valueName":"search_term_string"}}],"inLanguage":"es"},{"@type":"Organization","@id":"https:\/\/www.galpsolar.com\/es\/#organization","name":"Galp Solar","url":"https:\/\/www.galpsolar.com\/es\/","logo":{"@type":"ImageObject","inLanguage":"es","@id":"https:\/\/www.galpsolar.com\/es\/#\/schema\/logo\/image\/","url":"https:\/\/www.galpsolar.com\/es\/wp-content\/uploads\/sites\/14\/2021\/12\/GalpSolar-logo-1.svg","contentUrl":"https:\/\/www.galpsolar.com\/es\/wp-content\/uploads\/sites\/14\/2021\/12\/GalpSolar-logo-1.svg","width":168,"height":48,"caption":"Galp Solar"},"image":{"@id":"https:\/\/www.galpsolar.com\/es\/#\/schema\/logo\/image\/"}}]}},"_links":{"self":[{"href":"https:\/\/www.galpsolar.com\/es\/wp-json\/wp\/v2\/pages\/35209"}],"collection":[{"href":"https:\/\/www.galpsolar.com\/es\/wp-json\/wp\/v2\/pages"}],"about":[{"href":"https:\/\/www.galpsolar.com\/es\/wp-json\/wp\/v2\/types\/page"}],"author":[{"embeddable":true,"href":"https:\/\/www.galpsolar.com\/es\/wp-json\/wp\/v2\/users\/3"}],"replies":[{"embeddable":true,"href":"https:\/\/www.galpsolar.com\/es\/wp-json\/wp\/v2\/comments?post=35209"}],"version-history":[{"count":15,"href":"https:\/\/www.galpsolar.com\/es\/wp-json\/wp\/v2\/pages\/35209\/revisions"}],"predecessor-version":[{"id":41344,"href":"https:\/\/www.galpsolar.com\/es\/wp-json\/wp\/v2\/pages\/35209\/revisions\/41344"}],"wp:attachment":[{"href":"https:\/\/www.galpsolar.com\/es\/wp-json\/wp\/v2\/media?parent=35209"}],"wp:term":[{"taxonomy":"wf_page_folders","embeddable":true,"href":"https:\/\/www.galpsolar.com\/es\/wp-json\/wp\/v2\/wf_page_folders?post=35209"}],"curies":[{"name":"wp","href":"https:\/\/api.w.org\/{rel}","templated":true}]}}