{"id":10,"date":"2020-05-28T12:13:46","date_gmt":"2020-05-28T10:13:46","guid":{"rendered":"https:\/\/pre.54.246.65.236.nip.io\/gs-es\/aviso-legal\/"},"modified":"2025-02-03T18:45:44","modified_gmt":"2025-02-03T17:45:44","slug":"aviso-legal","status":"publish","type":"page","link":"https:\/\/www.galpsolar.com\/pt\/aviso-legal\/","title":{"rendered":"Termos e condi\u00e7\u00f5es de uso do website"},"content":{"rendered":"\n<h2 class=\"wp-block-heading\">Introdu\u00e7\u00e3o<\/h2>\n\n\n\n<p>Os presentes Termos e Condi\u00e7\u00f5es regulam o acesso e utiliza\u00e7\u00e3o do website http:\/\/estrada.galp.pt, da responsabilidade da [GALP], sociedade com sede em Av. da \u00cdndia, 8, 1349-065 Lisboa Portugal (doravante \u201cGALP\u201d). Quaisquer quest\u00f5es legais referentes ao website poder\u00e3o ser consultadas nas sec\u00e7\u00f5es Pol\u00edtica de Privacidade e Pol\u00edtica de Cookies, as quais constituem parte integrante dos presentes Termos e Condi\u00e7\u00f5es.<\/p>\n\n\n\n<p>Quaisquer quest\u00f5es referentes \u00e0 mat\u00e9ria de prote\u00e7\u00e3o de dados e de privacidade podem ser consultadas nas sec\u00e7\u00f5es Pol\u00edtica de Privacidade e Pol\u00edtica de Cookies disponibilizadas no Website, as quais constituem parte integrante dos presentes Termos e Condi\u00e7\u00f5es.<\/p>\n\n\n\n<p>A utiliza\u00e7\u00e3o do Website por qualquer utilizador ser\u00e1 regulada por estes Termos e Condi\u00e7\u00f5es, implicando a sua utiliza\u00e7\u00e3o uma aceita\u00e7\u00e3o dos mesmos pelo utilizador. Caso o utilizador rejeite os presentes Termos e Condi\u00e7\u00f5es, deve cessar a utiliza\u00e7\u00e3o do Website.<\/p>\n\n\n\n<p>A GALP poder\u00e1 alterar ou atualizar, no todo ou em parte, os presentes Termos e Condi\u00e7\u00f5es, bem como a Pol\u00edtica de Privacidade e Pol\u00edtica de Cookies. Quaisquer altera\u00e7\u00f5es ou atualiza\u00e7\u00f5es dos presentes Termos e Condi\u00e7\u00f5es, bem como os da Pol\u00edtica de Privacidade e Pol\u00edtica de Cookies, entrar\u00e3o em vigor logo que publicados na respetiva sec\u00e7\u00e3o do Website. Os utilizadores s\u00e3o aconselhados a consultar regularmente as sec\u00e7\u00f5es dos Termos e Condi\u00e7\u00f5es, da Pol\u00edtica de Privacidade e da Pol\u00edtica de Cookies para verificarem as vers\u00f5es mais atualizadas.<\/p>\n\n\n\n<p>O acesso e a utiliza\u00e7\u00e3o do Website s\u00e3o disponibilizados pela GALP para promover os seus produtos e\/ou servi\u00e7os ou para comunicar com os utilizadores do Website para outros fins.<\/p>\n\n\n\n<h2 class=\"wp-block-heading\">Autoriza\u00e7\u00e3o<\/h2>\n\n\n\n<p>Sem preju\u00edzo do constante nas demais cl\u00e1usulas dos presentes Termos e Condi\u00e7\u00f5es, a GALP autoriza qualquer utilizador a utilizar este Website apenas para os fins previstos nos presentes Termos e Condi\u00e7\u00f5es. A licen\u00e7a de utiliza\u00e7\u00e3o poder\u00e1 ser revogada pela GALP em qualquer momento. Nos termos da lei e dos presentes Termos e Condi\u00e7\u00f5es, o utilizador n\u00e3o poder\u00e1 copiar, utilizar, transferir, alugar, sublicenciar, alterar, adaptar, tentar modificar ou alterar o c\u00f3digo fonte, efetuar opera\u00e7\u00f5es de engenharia reversa, descompilar ou desmontar, no todo ou em parte, o conte\u00fado do Website. Ao aceder ao Website, o utilizador reconhece e aceita que o conte\u00fado do mesmo poder\u00e1 estar incompleto, impreciso, n\u00e3o atualizado, ou que poder\u00e1 n\u00e3o satisfazer as suas necessidades e requisitos.<\/p>\n\n\n\n<p>A viola\u00e7\u00e3o dos presentes Termos e Condi\u00e7\u00f5es poder\u00e1 implicar a retirada da licen\u00e7a de utiliza\u00e7\u00e3o concedida pela GALP e, bem assim, o exerc\u00edcio dos seus direitos, na m\u00e1xima extens\u00e3o poss\u00edvel permitida por lei, em caso de ocorr\u00eancia de quaisquer danos ou pedidos de compensa\u00e7\u00e3o peticionados por terceiros.<\/p>\n\n\n\n<h2 class=\"wp-block-heading\">Conte\u00fados do Website<\/h2>\n\n\n\n<p>O Website e toda a informa\u00e7\u00e3o e conte\u00fados publicados no mesmo podem ser alterados pela GALP a qualquer momento, periodicamente e\/ou sem aviso pr\u00e9vio.<\/p>\n\n\n\n<p>O acesso e utiliza\u00e7\u00e3o do Website, incluindo a visualiza\u00e7\u00e3o de p\u00e1ginas web, constituem atividades executadas pelos utilizadores.<\/p>\n\n\n\n<p>Os utilizadores s\u00e3o os \u00fanicos e exclusivos respons\u00e1veis pela utiliza\u00e7\u00e3o que fizerem do Website e dos seus conte\u00fados e, bem assim, pela avalia\u00e7\u00e3o da informa\u00e7\u00e3o obtida atrav\u00e9s do Website. Em concreto, os utilizadores s\u00e3o os \u00fanicos respons\u00e1veis pela comunica\u00e7\u00e3o de informa\u00e7\u00e3o ou dados incorretos, falsos, ou de terceiros, sem o seu consentimento, bem como pela utiliza\u00e7\u00e3o incorreta dos mesmos.<\/p>\n\n\n\n<p>Os conte\u00fados do Website podem conter incorre\u00e7\u00f5es ou gralhas. A GALP n\u00e3o \u00e9 respons\u00e1vel, nem poder\u00e1 ser responsabilizada, por qualquer meio ou modo, pelas incorre\u00e7\u00f5es e erros, danos (se existentes) causados ou resultantes da utiliza\u00e7\u00e3o de informa\u00e7\u00e3o derivada do Website ou atrav\u00e9s do Website por parte dos utilizadores.<\/p>\n\n\n\n<p>Considerando que quaisquer conte\u00fados que venham a ser descarregados ou por outro meio obtidos resultam de decis\u00e3o livre do utilizador e s\u00e3o efetuados por sua conta e risco, qualquer dano (caso exista) aos computadores ou perda de dados resultantes de opera\u00e7\u00f5es de descarregamento efetuada pelo utilizador, ser\u00e1 da exclusiva responsabilidade do utilizador e n\u00e3o poder\u00e1 ser imputada \u00e0 GALP.<\/p>\n\n\n\n<p>A GALP n\u00e3o assume qualquer responsabilidade por danos (caso existam) resultantes da impossibilidade de acesso aos servi\u00e7os disponibilizados atrav\u00e9s do Website ou por danos (caso existam) causados por v\u00edrus, ficheiros danificados, erros, omiss\u00f5es, interrup\u00e7\u00f5es do servi\u00e7o, cancelamento de conte\u00fados, quest\u00f5es relacionadas com a Internet, prestadores de servi\u00e7os ou com a liga\u00e7\u00e3o telef\u00f3nica e\/ou telem\u00e1tica, acessos n\u00e3o autorizados, altera\u00e7\u00f5es de dados, ou relacionados com a inexist\u00eancia e\/ou deficiente funcionamento de dispositivos eletr\u00f3nicos do utilizador.&nbsp;<\/p>\n\n\n\n<p>O utilizador \u00e9 inteira e exclusivamente respons\u00e1vel por quaisquer a\u00e7\u00f5es efetuadas atrav\u00e9s da sua conta de utilizador, diretamente ou mediante terceiros autorizados pelo utilizador. A GALP adotou as medidas t\u00e9cnicas e organizacionais adequadas a salvaguardar a seguran\u00e7a dos servi\u00e7os por si prestados atrav\u00e9s do Website, a assegurar a integridade dos dados de tr\u00e1fego eletr\u00f3nico, bem como para evitar riscos de dissemina\u00e7\u00e3o, destrui\u00e7\u00e3o ou perda de dados e informa\u00e7\u00e3o confidencial ou n\u00e3o confidencial dos seus utilizadores, constantes do Website, ou relacionados com o acesso \u2013 n\u00e3o autorizado ou em incumprimento das disposi\u00e7\u00f5es legais aplic\u00e1veis \u2013 aos referidos dados pessoais e informa\u00e7\u00e3o.<\/p>\n\n\n\n<p>A GALP n\u00e3o garante, nem poder\u00e1 garantir que o Website esteja livre de v\u00edrus ou de qualquer outro elemento que possa afetar negativamente a tecnologia.<\/p>\n\n\n\n<h2 class=\"wp-block-heading\">Acesso ao Website, Interrup\u00e7\u00e3o e Suspens\u00e3o<\/h2>\n\n\n\n<p>A GALP disponibiliza o acesso ao Website, sem preju\u00edzo da possibilidade de o mesmo poder ser suspenso, limitado ou interrompido a qualquer momento, nomeadamente para permitir a recupera\u00e7\u00e3o, manuten\u00e7\u00e3o ou introdu\u00e7\u00e3o de novas funcionalidades ou servi\u00e7os.<\/p>\n\n\n\n<p>A GALP envidar\u00e1 os melhores esfor\u00e7os para recuperar o acesso com a maior brevidade poss\u00edvel.<\/p>\n\n\n\n<p>Sempre que seja disponibilizada uma \u00e1rea privada no Website, a GALP pode permitir o acesso \u00e0 mesma atrav\u00e9s do GALP ID.<\/p>\n\n\n\n<p>O utilizador \u00e9 respons\u00e1vel pela guarda e correta utiliza\u00e7\u00e3o da sua informa\u00e7\u00e3o pessoal e das suas credenciais de acesso. Nessas circunst\u00e2ncias, o utilizador ser\u00e1 respons\u00e1vel por criar o seu nome de utilizador e&nbsp;<em>password<\/em>. O utilizador ser\u00e1 ainda respons\u00e1vel pela presta\u00e7\u00e3o de informa\u00e7\u00e3o espec\u00edfica, a qual dever\u00e1 ser correta e atualizada. O utilizador n\u00e3o poder\u00e1 escolher um nome de utilizador pertencente a terceiro com o intuito de utilizar a sua identidade. O utilizador n\u00e3o poder\u00e1, do mesmo modo, utilizar o nome de utilizador de um terceiro sem o seu consentimento expresso.<\/p>\n\n\n\n<p>O utilizador dever\u00e1 garantir a confidencialidade da sua&nbsp;<em>password<\/em>&nbsp;e n\u00e3o dever\u00e1 partilhar a mesma com terceiros.<\/p>\n\n\n\n<p>O utilizador tamb\u00e9m poder\u00e1 aceder \u00e0 \u00e1rea privada do Website atrav\u00e9s de servi\u00e7os de registo facultados por terceiros, como o Google ou Facebook, que s\u00e3o regulados por termos e condi\u00e7\u00f5es e pol\u00edticas de privacidade pr\u00f3prias, pelo que a GALP aconselha a leitura dos respetivos termos e condi\u00e7\u00f5es e pol\u00edticas de privacidade antes de se registar e\/ou iniciar sess\u00e3o no Website.<\/p>\n\n\n\n<p>Os utilizadores s\u00e3o aconselhados a ler e a analisar a Pol\u00edtica de Privacidade e a Pol\u00edtica de Cookies, as quais constituem parte integrante dos presentes Termos e Condi\u00e7\u00f5es, para compreender como o Website recolhe e utiliza os seus dados pessoais e quais as respetivas finalidades.<\/p>\n\n\n\n<h2 class=\"wp-block-heading\">Direitos de Propriedade Intelectual<\/h2>\n\n\n\n<p>Todos os direitos s\u00e3o reservados. O Website e todos os seus conte\u00fados, incluindo sem limitar, artigos, opini\u00f5es, outros textos, listas, manuais de utiliza\u00e7\u00e3o, fotografias, desenhos, imagens, clips v\u00eddeos ou \u00e1udio ou textos de marketing, bem como marcas, log\u00f3tipos, nomes de dom\u00ednio, e quaisquer outros elementos que possam ser abrangidos por direitos de propriedade (incluindo os c\u00f3digos fonte) e\/ou outras modalidades de direitos de propriedade intelectual (doravante \u201cMaterial\u201d), s\u00e3o propriedade da GALP ou de terceiros e est\u00e3o protegidos contra a utiliza\u00e7\u00e3o, a c\u00f3pia ou a divulga\u00e7\u00e3o n\u00e3o autorizada pelas leis nacionais e tratados internacionais relativos aos Direitos de Propriedade Intelectual. Nenhuma das disposi\u00e7\u00f5es dos Termos e Condi\u00e7\u00f5es e\/ou dos conte\u00fados constantes do Website poder\u00e3o ser interpretados como implicitamente conferindo, aceitando ou por qualquer meio licenciando o direito de utiliza\u00e7\u00e3o de qualquer Material por qualquer meio, sem o pr\u00e9vio consentimento escrito da GALP ou do terceiro propriet\u00e1rio do Material ou dos direitos de propriedade intelectual publicados no Website. A utiliza\u00e7\u00e3o, c\u00f3pia, reprodu\u00e7\u00e3o, altera\u00e7\u00e3o, republica\u00e7\u00e3o, atualiza\u00e7\u00e3o, descarregamento, envio por e-mail, transmiss\u00e3o, distribui\u00e7\u00e3o ou duplica\u00e7\u00e3o, ou qualquer outro ato abusivo do Material n\u00e3o especificamente identificado, mas de id\u00eantica natureza, s\u00e3o proibidos.<\/p>\n\n\n\n<p>O utilizador poder\u00e1, contudo, visualizar e exibir o conte\u00fado do Website e\/ou o Material no ecr\u00e3 de um computador, armazenar tal conte\u00fado em formato eletr\u00f3nico no disco (mas n\u00e3o num servidor nem num dispositivo de mem\u00f3ria conectado \u00e0 Internet) ou imprimir uma c\u00f3pia de tais conte\u00fados para sua utiliza\u00e7\u00e3o pessoal e n\u00e3o comercial, devendo, contudo, manter todas as informa\u00e7\u00f5es relacionadas com os direitos de propriedade intelectual.<\/p>\n\n\n\n<p>O acesso ao Website n\u00e3o confere ao utilizador qualquer direito sobre os conte\u00fados disponibilizados pela GALP<\/p>\n\n\n\n<h2 class=\"wp-block-heading\">Liga\u00e7\u00f5es para outros Websites<\/h2>\n\n\n\n<p>A eventual disponibiliza\u00e7\u00e3o pela GALP no Website de liga\u00e7\u00f5es (\u201cLinks\u201d) para s\u00edtios da internet de terceiros ou para conte\u00fados disponibilizados por terceiros (\u201cOutros Websites\u201d) \u00e9 inclu\u00edda apenas para fins exclusivamente informativos e para conveni\u00eancia do utilizador. A GALP n\u00e3o controla os Outros Websites e, por isso, n\u00e3o se responsabiliza por tais Outros Websites ou pelos respetivos conte\u00fados ou produtos (incluindo sem limitar, a refer\u00eancia a redes sociais) e n\u00e3o se responsabiliza por quaisquer danos ou preju\u00edzos que possam resultar da utiliza\u00e7\u00e3o dos Outros Websites pelo utilizador, bem como quanto ao tratamento de dados pessoais durante as opera\u00e7\u00f5es de navega\u00e7\u00e3o na internet. O acesso a qualquer Outros Websites, mediante uma liga\u00e7\u00e3o existente nos s\u00edtios da internet da GALP, ser\u00e1 efetuado por exclusiva responsabilidade e risco do utilizador.<\/p>\n\n\n\n<p>O utilizador dever\u00e1, assim, prestar particular aten\u00e7\u00e3o quando se conecte a Outros Websites atrav\u00e9s de liga\u00e7\u00f5es existentes no Website da GALP e ler com aten\u00e7\u00e3o os respetivos termos e condi\u00e7\u00f5es e pol\u00edticas de privacidade.<\/p>\n\n\n\n<h2 class=\"wp-block-heading\">Garantias do Utilizador &nbsp;<\/h2>\n\n\n\n<p>O utilizador reconhece e declara que:<\/p>\n\n\n\n<ol class=\"wp-block-list\" style=\"list-style-type:lower-alpha\">\n<li>leu e compreendeu os presentes Termos e Condi\u00e7\u00f5es;<\/li>\n\n\n\n<li>se abster\u00e1 de reproduzir, duplicar, copiar, vender, revender ou por qualquer meio explorar comercialmente o Website ou os seus conte\u00fados, ou parte dos mesmos, bem como se abster\u00e1 de utilizar ou reproduzir as marcas ou quaisquer direitos de propriedade intelectual ou industrial da GALP ou de terceiros;<\/li>\n\n\n\n<li>n\u00e3o publicar\u00e1 ou utilizar\u00e1 informa\u00e7\u00e3o falsa, injuriosa ou difamat\u00f3ria;<\/li>\n\n\n\n<li>se abster\u00e1 de utilizar, direta ou indiretamente, os servi\u00e7os ou o Website para fins contr\u00e1rios \u00e0 lei ou desconformes \u00e0s disposi\u00e7\u00f5es constantes dos presentes Termos e Condi\u00e7\u00f5es;<\/li>\n\n\n\n<li>n\u00e3o propagar\u00e1 v\u00edrus,&nbsp;<em>spyware<\/em>,&nbsp;<em>adware<\/em>,&nbsp;<em>rootkit<\/em>,&nbsp;<em>backdoor<\/em>&nbsp;ou v\u00edrus Trojan ou outras amea\u00e7as inform\u00e1ticas similares;<\/li>\n\n\n\n<li>n\u00e3o utilizar\u00e1 software ou outros mecanismos autom\u00e1ticos ou manuais para copiar ou aceder ao controlo do Website ou do seu conte\u00fado.<\/li>\n\n\n\n<li>Disposi\u00e7\u00f5es Gerais<\/li>\n<\/ol>\n\n\n\n<p>A nulidade de alguma das disposi\u00e7\u00f5es constantes nos presentes Termos e Condi\u00e7\u00f5es ter-se-\u00e1 por suprimida destes, permanecendo as restantes disposi\u00e7\u00f5es do mesmo integralmente em vigor e produzindo todos os seus efeitos legais.<\/p>\n\n\n\n<p>Os presentes Termos e Condi\u00e7\u00f5es reger-se-\u00e3o pelo direito portugu\u00eas e ser\u00e3o interpretados de acordo com a lei portuguesa. Qualquer lit\u00edgio emergente destes Termos e Condi\u00e7\u00f5es ou com eles relacionado, na falta de acordo amig\u00e1vel e negociado entre as partes, ser\u00e1 resolvido pelos Tribunais Judiciais de Lisboa, com expressa ren\u00fancia a quaisquer outros.<\/p>\n\n\n\n<p>O utilizador poder\u00e1 contactar a GALP para qualquer quest\u00e3o relacionada com a utiliza\u00e7\u00e3o do Website atrav\u00e9s de e-mail para&nbsp;<a href=\"mailto:suporte@galpsolar.com\">suporte@galpsolar.com<\/a>.<\/p>\n\n\n\n<p>Data: 02\/01\/2024<\/p>\n","protected":false},"excerpt":{"rendered":"<p>Introdu\u00e7\u00e3o Os presentes Termos e Condi\u00e7\u00f5es regulam o acesso e utiliza\u00e7\u00e3o do website http:\/\/estrada.galp.pt, da responsabilidade da [GALP], sociedade com sede em Av. da \u00cdndia, 8, 1349-065 Lisboa Portugal (doravante \u201cGALP\u201d). Quaisquer quest\u00f5es legais referentes ao website poder\u00e3o ser consultadas nas sec\u00e7\u00f5es Pol\u00edtica de Privacidade e Pol\u00edtica de Cookies, as quais constituem parte integrante dos &#8230; <a title=\"Termos e condi\u00e7\u00f5es de uso do website\" class=\"read-more\" href=\"https:\/\/www.galpsolar.com\/pt\/aviso-legal\/\" aria-label=\"Leia mais sobre Termos e condi\u00e7\u00f5es de uso do website\">Ler mais<\/a><\/p>\n","protected":false},"author":1,"featured_media":0,"parent":0,"menu_order":0,"comment_status":"closed","ping_status":"closed","template":"","meta":{"_acf_changed":false,"footnotes":""},"wf_page_folders":[67],"class_list":["post-10","page","type-page","status-publish"],"acf":[],"yoast_head":"<!-- This site is optimized with the Yoast SEO plugin v23.7 - https:\/\/yoast.com\/wordpress\/plugins\/seo\/ -->\n<title>Termos e condi\u00e7\u00f5es de uso do website - ei energ\u00eda powered by Galp<\/title>\n<meta name=\"robots\" content=\"noindex, follow\" \/>\n<meta property=\"og:locale\" content=\"pt_PT\" \/>\n<meta property=\"og:type\" content=\"article\" \/>\n<meta property=\"og:title\" content=\"Termos e condi\u00e7\u00f5es de uso do website - ei energ\u00eda powered by Galp\" \/>\n<meta property=\"og:description\" content=\"Introdu\u00e7\u00e3o Os presentes Termos e Condi\u00e7\u00f5es regulam o acesso e utiliza\u00e7\u00e3o do website http:\/\/estrada.galp.pt, da responsabilidade da [GALP], sociedade com sede em Av. da \u00cdndia, 8, 1349-065 Lisboa Portugal (doravante \u201cGALP\u201d). Quaisquer quest\u00f5es legais referentes ao website poder\u00e3o ser consultadas nas sec\u00e7\u00f5es Pol\u00edtica de Privacidade e Pol\u00edtica de Cookies, as quais constituem parte integrante dos ... Ler mais\" \/>\n<meta property=\"og:url\" content=\"https:\/\/www.galpsolar.com\/pt\/aviso-legal\/\" \/>\n<meta property=\"og:site_name\" content=\"ei energ\u00eda - Espa\u00f1a\" \/>\n<meta property=\"article:modified_time\" content=\"2025-02-03T17:45:44+00:00\" \/>\n<meta name=\"twitter:card\" content=\"summary_large_image\" \/>\n<meta name=\"twitter:label1\" content=\"Tempo estimado de leitura\" \/>\n\t<meta name=\"twitter:data1\" content=\"10 minutos\" \/>\n<script type=\"application\/ld+json\" class=\"yoast-schema-graph\">{\"@context\":\"https:\/\/schema.org\",\"@graph\":[{\"@type\":\"WebPage\",\"@id\":\"https:\/\/www.galpsolar.com\/pt\/aviso-legal\/\",\"url\":\"https:\/\/www.galpsolar.com\/pt\/aviso-legal\/\",\"name\":\"Termos e condi\u00e7\u00f5es de uso do website - ei energ\u00eda powered by Galp\",\"isPartOf\":{\"@id\":\"https:\/\/www.galpsolar.com\/pt\/#website\"},\"datePublished\":\"2020-05-28T10:13:46+00:00\",\"dateModified\":\"2025-02-03T17:45:44+00:00\",\"breadcrumb\":{\"@id\":\"https:\/\/www.galpsolar.com\/pt\/aviso-legal\/#breadcrumb\"},\"inLanguage\":\"pt-PT\",\"potentialAction\":[{\"@type\":\"ReadAction\",\"target\":[\"https:\/\/www.galpsolar.com\/pt\/aviso-legal\/\"]}]},{\"@type\":\"BreadcrumbList\",\"@id\":\"https:\/\/www.galpsolar.com\/pt\/aviso-legal\/#breadcrumb\",\"itemListElement\":[{\"@type\":\"ListItem\",\"position\":1,\"name\":\"Portada\",\"item\":\"https:\/\/www.galpsolar.com\/pt\/\"},{\"@type\":\"ListItem\",\"position\":2,\"name\":\"Termos e condi\u00e7\u00f5es de uso do website\"}]},{\"@type\":\"WebSite\",\"@id\":\"https:\/\/www.galpsolar.com\/pt\/#website\",\"url\":\"https:\/\/www.galpsolar.com\/pt\/\",\"name\":\"ei energ\u00eda - Espa\u00f1a\",\"description\":\"Si tienes un tejado, tienes un negocio\",\"publisher\":{\"@id\":\"https:\/\/www.galpsolar.com\/pt\/#organization\"},\"potentialAction\":[{\"@type\":\"SearchAction\",\"target\":{\"@type\":\"EntryPoint\",\"urlTemplate\":\"https:\/\/www.galpsolar.com\/pt\/?s={search_term_string}\"},\"query-input\":{\"@type\":\"PropertyValueSpecification\",\"valueRequired\":true,\"valueName\":\"search_term_string\"}}],\"inLanguage\":\"pt-PT\"},{\"@type\":\"Organization\",\"@id\":\"https:\/\/www.galpsolar.com\/pt\/#organization\",\"name\":\"Galp Solar\",\"url\":\"https:\/\/www.galpsolar.com\/pt\/\",\"logo\":{\"@type\":\"ImageObject\",\"inLanguage\":\"pt-PT\",\"@id\":\"https:\/\/www.galpsolar.com\/pt\/#\/schema\/logo\/image\/\",\"url\":\"https:\/\/www.galpsolar.com\/pt\/wp-content\/uploads\/sites\/15\/2021\/12\/GalpSolar-logo-1.svg\",\"contentUrl\":\"https:\/\/www.galpsolar.com\/pt\/wp-content\/uploads\/sites\/15\/2021\/12\/GalpSolar-logo-1.svg\",\"width\":168,\"height\":48,\"caption\":\"Galp Solar\"},\"image\":{\"@id\":\"https:\/\/www.galpsolar.com\/pt\/#\/schema\/logo\/image\/\"}}]}<\/script>\n<!-- \/ Yoast SEO plugin. -->","yoast_head_json":{"title":"Termos e condi\u00e7\u00f5es de uso do website - ei energ\u00eda powered by Galp","robots":{"index":"noindex","follow":"follow"},"og_locale":"pt_PT","og_type":"article","og_title":"Termos e condi\u00e7\u00f5es de uso do website - ei energ\u00eda powered by Galp","og_description":"Introdu\u00e7\u00e3o Os presentes Termos e Condi\u00e7\u00f5es regulam o acesso e utiliza\u00e7\u00e3o do website http:\/\/estrada.galp.pt, da responsabilidade da [GALP], sociedade com sede em Av. da \u00cdndia, 8, 1349-065 Lisboa Portugal (doravante \u201cGALP\u201d). Quaisquer quest\u00f5es legais referentes ao website poder\u00e3o ser consultadas nas sec\u00e7\u00f5es Pol\u00edtica de Privacidade e Pol\u00edtica de Cookies, as quais constituem parte integrante dos ... Ler mais","og_url":"https:\/\/www.galpsolar.com\/pt\/aviso-legal\/","og_site_name":"ei energ\u00eda - Espa\u00f1a","article_modified_time":"2025-02-03T17:45:44+00:00","twitter_card":"summary_large_image","twitter_misc":{"Tempo estimado de leitura":"10 minutos"},"schema":{"@context":"https:\/\/schema.org","@graph":[{"@type":"WebPage","@id":"https:\/\/www.galpsolar.com\/pt\/aviso-legal\/","url":"https:\/\/www.galpsolar.com\/pt\/aviso-legal\/","name":"Termos e condi\u00e7\u00f5es de uso do website - ei energ\u00eda powered by Galp","isPartOf":{"@id":"https:\/\/www.galpsolar.com\/pt\/#website"},"datePublished":"2020-05-28T10:13:46+00:00","dateModified":"2025-02-03T17:45:44+00:00","breadcrumb":{"@id":"https:\/\/www.galpsolar.com\/pt\/aviso-legal\/#breadcrumb"},"inLanguage":"pt-PT","potentialAction":[{"@type":"ReadAction","target":["https:\/\/www.galpsolar.com\/pt\/aviso-legal\/"]}]},{"@type":"BreadcrumbList","@id":"https:\/\/www.galpsolar.com\/pt\/aviso-legal\/#breadcrumb","itemListElement":[{"@type":"ListItem","position":1,"name":"Portada","item":"https:\/\/www.galpsolar.com\/pt\/"},{"@type":"ListItem","position":2,"name":"Termos e condi\u00e7\u00f5es de uso do website"}]},{"@type":"WebSite","@id":"https:\/\/www.galpsolar.com\/pt\/#website","url":"https:\/\/www.galpsolar.com\/pt\/","name":"ei energ\u00eda - Espa\u00f1a","description":"Si tienes un tejado, tienes un negocio","publisher":{"@id":"https:\/\/www.galpsolar.com\/pt\/#organization"},"potentialAction":[{"@type":"SearchAction","target":{"@type":"EntryPoint","urlTemplate":"https:\/\/www.galpsolar.com\/pt\/?s={search_term_string}"},"query-input":{"@type":"PropertyValueSpecification","valueRequired":true,"valueName":"search_term_string"}}],"inLanguage":"pt-PT"},{"@type":"Organization","@id":"https:\/\/www.galpsolar.com\/pt\/#organization","name":"Galp Solar","url":"https:\/\/www.galpsolar.com\/pt\/","logo":{"@type":"ImageObject","inLanguage":"pt-PT","@id":"https:\/\/www.galpsolar.com\/pt\/#\/schema\/logo\/image\/","url":"https:\/\/www.galpsolar.com\/pt\/wp-content\/uploads\/sites\/15\/2021\/12\/GalpSolar-logo-1.svg","contentUrl":"https:\/\/www.galpsolar.com\/pt\/wp-content\/uploads\/sites\/15\/2021\/12\/GalpSolar-logo-1.svg","width":168,"height":48,"caption":"Galp Solar"},"image":{"@id":"https:\/\/www.galpsolar.com\/pt\/#\/schema\/logo\/image\/"}}]}},"_links":{"self":[{"href":"https:\/\/www.galpsolar.com\/pt\/wp-json\/wp\/v2\/pages\/10"}],"collection":[{"href":"https:\/\/www.galpsolar.com\/pt\/wp-json\/wp\/v2\/pages"}],"about":[{"href":"https:\/\/www.galpsolar.com\/pt\/wp-json\/wp\/v2\/types\/page"}],"author":[{"embeddable":true,"href":"https:\/\/www.galpsolar.com\/pt\/wp-json\/wp\/v2\/users\/1"}],"replies":[{"embeddable":true,"href":"https:\/\/www.galpsolar.com\/pt\/wp-json\/wp\/v2\/comments?post=10"}],"version-history":[{"count":7,"href":"https:\/\/www.galpsolar.com\/pt\/wp-json\/wp\/v2\/pages\/10\/revisions"}],"predecessor-version":[{"id":78579,"href":"https:\/\/www.galpsolar.com\/pt\/wp-json\/wp\/v2\/pages\/10\/revisions\/78579"}],"wp:attachment":[{"href":"https:\/\/www.galpsolar.com\/pt\/wp-json\/wp\/v2\/media?parent=10"}],"wp:term":[{"taxonomy":"wf_page_folders","embeddable":true,"href":"https:\/\/www.galpsolar.com\/pt\/wp-json\/wp\/v2\/wf_page_folders?post=10"}],"curies":[{"name":"wp","href":"https:\/\/api.w.org\/{rel}","templated":true}]}}