{"id":12,"date":"2020-05-28T12:13:47","date_gmt":"2020-05-28T10:13:47","guid":{"rendered":"https:\/\/pre.54.246.65.236.nip.io\/gs-es\/privacidad\/"},"modified":"2026-01-23T18:17:54","modified_gmt":"2026-01-23T17:17:54","slug":"privacidade","status":"publish","type":"page","link":"https:\/\/www.galpsolar.com\/pt\/privacidade\/","title":{"rendered":"Pol\u00edtica de prote\u00e7\u00e3o de dados pessoais e privacidade"},"content":{"rendered":"\n<p><\/p>\n\n\n\n<p>O Grupo Galp assegura o cumprimento das obriga\u00e7\u00f5es decorrentes do Regulamento (UE) 2016\/679 do Parlamento Europeu e do Conselho (RGPD) e demais legisla\u00e7\u00e3o sobre mat\u00e9ria de prote\u00e7\u00e3o de dados pessoais e privacidade.<\/p>\n\n\n\n<h2 class=\"wp-block-heading\">1. Quem \u00e9 o respons\u00e1vel pelo tratamento dos meus dados pessoais?<\/h2>\n\n\n\n<p>A Petrogal, S.A., com sede na Avenida da \u00cdndia, 8, 1349-065 Lisboa (adiante designada por \u00abGALP\u00bb), \u00e9 a respons\u00e1vel pelo tratamento dos seus dados pessoais para as finalidades indicadas na presente Pol\u00edtica de Prote\u00e7\u00e3o de Dados Pessoais e Privacidade (doravante, \u201cPol\u00edtica\u201d).<\/p>\n\n\n\n<h2 class=\"wp-block-heading\">2. Que dados pessoais v\u00e3o ser tratados, para que finalidades, qual o fundamento de licitude e o prazo de conserva\u00e7\u00e3o?<\/h2>\n\n\n\n<p>A GALP proceder\u00e1 ao tratamento das seguintes categorias de dados pessoais de Clientes para as finalidades a seguir enunciadas, com os fundamentos de licitude e prazos de conserva\u00e7\u00e3o adiante indicados:<\/p>\n\n\n\n<figure class=\"wp-block-table\"><table class=\"has-fixed-layout\"><tbody><tr><td><strong>FINALIDADES DE TRATAMENTO<\/strong><\/td><td><strong>CATEGORIAS DE DADOS<\/strong><\/td><td><strong>FUNDAMENTOS DE LICITUDE<\/strong><\/td><td><strong>PRAZOS DE CONSERVA\u00c7\u00c3O (1)<\/strong><\/td><\/tr><tr><td>Angaria\u00e7\u00e3o de Clientes ou Qualifica\u00e7\u00e3o de <em>Leads<\/em><\/td><td>Identifica\u00e7\u00e3o pessoal | Contacto | Contrato<\/td><td>Execu\u00e7\u00e3o de contrato (dilig\u00eancia pr\u00e9-contratual)<\/td><td>At\u00e9 6 meses ap\u00f3s a recolha sem que tenha sido celebrado contrato<\/td><\/tr><tr><td>Gest\u00e3o de clientes ou de contratos<\/td><td>Dados de contrato | Cart\u00f5es de Fideliza\u00e7\u00e3o | Meios de pagamento e transa\u00e7\u00f5es | Reclama\u00e7\u00f5es<\/td><td>Execu\u00e7\u00e3o de contrato<\/td><td>At\u00e9 1 ano ap\u00f3s o termo do contrato<\/td><\/tr><tr><td>Grava\u00e7\u00e3o de chamadas no \u00e2mbito da rela\u00e7\u00e3o contratual<\/td><td rowspan=\"3\">Identifica\u00e7\u00e3o pessoal | Contacto | Contrato | Comunica\u00e7\u00f5es Eletr\u00f3nicas (registo da grava\u00e7\u00e3o)<\/td><td rowspan=\"2\">Consentimento<\/td><td>At\u00e9 24 meses ap\u00f3s a grava\u00e7\u00e3o das chamadas, acrescido de prazo de caducidade ou prescri\u00e7\u00e3o<\/td><\/tr><tr><td>Grava\u00e7\u00e3o de chamadas para monitoria da qualidade do atendimento<\/td><td>At\u00e9 30 dias ap\u00f3s a grava\u00e7\u00e3o das chamadas<\/td><\/tr><tr><td>Conserva\u00e7\u00e3o de chamadas gravadas para cumprimento de uma obriga\u00e7\u00e3o legal<\/td><td>Obriga\u00e7\u00e3o Legal<\/td><td>Pelo per\u00edodo legal<\/td><\/tr><\/tbody><\/table><figcaption class=\"wp-element-caption\"><em>(1) O prazo de conserva\u00e7\u00e3o pode ser superior ao indicado em cumprimento de obriga\u00e7\u00f5es legais (e pelo per\u00edodo definido nas mesmas) ou, em caso de procedimento contraordenacional ou judicial, at\u00e9 6 meses ap\u00f3s o tr\u00e2nsito em julgado da respetiva senten\u00e7a. Podem ainda ser conservados para comprovar o cumprimento de obriga\u00e7\u00f5es contratuais enquanto n\u00e3o decorrer o prazo de prescri\u00e7\u00e3o dos direitos correspetivos.<\/em><\/figcaption><\/figure>\n\n\n\n<p><\/p>\n\n\n\n<p>Caso o fundamento de licitude para o tratamento dos seus dados pessoais seja o consentimento, o titular dos dados pode retirar o mesmo, de forma livre e gratuita, a qualquer altura, sem que da\u00ed advenha qualquer consequ\u00eancia negativa para si. No entanto, a retirada do consentimento n\u00e3o compromete a licitude dos tratamentos efetuados com base nos consentimentos anteriormente dados. Caso seja retirado o consentimento, a GALP cessar\u00e1 imediatamente o tratamento dos seus dados pessoais para a finalidade em causa e proceder\u00e1 ao apagamento dos mesmos, salvo se houver necessidade de tratar os dados ou de os conservar para o cumprimento de obriga\u00e7\u00f5es legais e\/ou contratuais ou se existir outro fundamento de licitude para o tratamento destes dados.<br><br>Se o fundamento de licitude para o tratamento dos dados for a sua necessidade para dilig\u00eancias pr\u00e9-contratuais ou para execu\u00e7\u00e3o do contrato, caso n\u00e3o nos faculte os dados pessoais solicitados tal poder\u00e1 impedir a conclus\u00e3o do respetivo contrato e\/ou, quando aplic\u00e1vel, inviabilizar que lhe sejam fornecidos os produtos ou servi\u00e7os solicitados.<\/p>\n\n\n\n<h2 class=\"wp-block-heading\">3. Como \u00e9 que os meus dados pessoais v\u00e3o ser tratados?<\/h2>\n\n\n\n<p>Os seus dados pessoais ser\u00e3o tratados pela GALP, no contexto das finalidades antes indicadas, de acordo com esta Pol\u00edtica e as normas internas do Grupo Galp e com recurso a medidas t\u00e9cnicas e organizativas adequadas para promover a respetiva seguran\u00e7a e confidencialidade, nomeadamente em rela\u00e7\u00e3o ao tratamento n\u00e3o autorizado ou il\u00edcito dos seus dados pessoais e \u00e0 respetiva perda, destrui\u00e7\u00e3o ou danifica\u00e7\u00e3o acidental.<\/p>\n\n\n\n<p>Os tratamentos dos seus dados ao abrigo da presente Pol\u00edtica n\u00e3o implicar\u00e3o a tomada de decis\u00f5es individuais automatizadas.<\/p>\n\n\n\n<h2 class=\"wp-block-heading\">4. Quem s\u00e3o os destinat\u00e1rios dos meus dados pessoais?<\/h2>\n\n\n\n<p>Os seus dados pessoais podem ser facultados a empresas encarregues da presta\u00e7\u00e3o de servi\u00e7os \u00e0 GALP (\u201cSubcontratantes\u201d), que est\u00e3o vinculadas a esta por contrato escrito ou outro instrumento juridicamente vinculativo, e que apenas podem tratar os seus dados pessoais para as finalidades a\u00ed estabelecidas, de acordo com as instru\u00e7\u00f5es da GALP e n\u00e3o est\u00e3o autorizadas a trat\u00e1-los, direta ou indiretamente, para qualquer outra finalidade, em proveito pr\u00f3prio ou de terceiro.<\/p>\n\n\n\n<p>Os seus dados pessoais podem tamb\u00e9m ser partilhados com entidades com quem a GALP estabele\u00e7a parcerias, ao abrigo de acordos de responsabilidade conjunta, no caso de serem correspons\u00e1veis pelo tratamento dos dados pessoais.<\/p>\n\n\n\n<p>Existindo um interesse leg\u00edtimo na partilha de dados intragrupo, os seus dados pessoais podem ser transmitidos, para fins administrativos internos, entre as empresas do Grupo Galp.<br><br>Em cumprimento de obriga\u00e7\u00f5es legais e\/ou contratuais, os seus dados pessoais poder\u00e3o ainda ser transmitidos a terceiros, para prossecu\u00e7\u00e3o de finalidades pr\u00f3prias, atuando estas entidades como respons\u00e1veis aut\u00f3nomos pelo tratamento dos dados pessoais, designadamente a operadores de rede, bancos e seguradoras, autoridades judiciais, administrativas, de supervis\u00e3o ou regulat\u00f3rias e ainda entidades que realizem, licitamente, a\u00e7\u00f5es de compila\u00e7\u00e3o de dados, a\u00e7\u00f5es de preven\u00e7\u00e3o e combate \u00e0 fraude, estudos de mercado ou estat\u00edsticos.<\/p>\n\n\n\n<p>Poder\u00e1 receber informa\u00e7\u00e3o adicional sobre as entidades em espec\u00edfico a quem poder\u00e3o ser facultados os seus dados, podendo solicitar esta informa\u00e7\u00e3o atrav\u00e9s dos meios de contacto referidos no ponto desta Pol\u00edtica sobre o exerc\u00edcio dos seus direitos.<\/p>\n\n\n\n<p>A GALP pode ainda transferir os seus dados pessoais para fora do Espa\u00e7o Econ\u00f3mico Europeu, caso tal se justifique no \u00e2mbito da execu\u00e7\u00e3o de um contrato ou em cumprimento de uma obriga\u00e7\u00e3o legal, assegurando que estas transfer\u00eancias cumprem a legisla\u00e7\u00e3o aplic\u00e1vel, nomeadamente o Cap\u00edtulo V do RGPD. Tal poder\u00e1 ser garantido, por exemplo, assegurando que os dados pessoais apenas s\u00e3o transferidos ao abrigo de uma decis\u00e3o de adequa\u00e7\u00e3o da Comiss\u00e3o Europeia ou das cl\u00e1usulas contratuais-tipo aprovadas pela Comiss\u00e3o Europeia (estas \u00faltimas complementadas, se necess\u00e1rio, por medidas suplementares para garantir um n\u00edvel de prote\u00e7\u00e3o adequado), ou ainda por via de regras vinculativas aplic\u00e1veis \u00e0s empresas ou de qualquer outro meio legalmente previsto que seja adequado \u00e0 transfer\u00eancia.<br><\/p>\n\n\n\n<h2 class=\"wp-block-heading\">5. Que direitos tenho sobre os meus dados pessoais?<\/h2>\n\n\n\n<p>Enquanto titular dos dados, sempre que aplic\u00e1vel, poder\u00e1 exercer os seguintes direitos: (i) direito de acesso, (ii) direito de retifica\u00e7\u00e3o, (iii) direito ao apagamento, (iv) direito \u00e0 limita\u00e7\u00e3o do tratamento, (v) direito de portabilidade dos dados ou (vi) direito de oposi\u00e7\u00e3o (ou direito a retirar o consentimento).<\/p>\n\n\n\n<p>Tem tamb\u00e9m o direito a (i) apresentar reclama\u00e7\u00e3o junto da autoridade de controlo competente &#8211; em Portugal, a Comiss\u00e3o Nacional de Prote\u00e7\u00e3o de Dados (\u201cCNPD\u201d) &#8211; e (ii) obter repara\u00e7\u00e3o e\/ou indemniza\u00e7\u00e3o, por via judicial, se considerar que o tratamento realizado viola os seus direitos e\/ou a legisla\u00e7\u00e3o em mat\u00e9ria de prote\u00e7\u00e3o de dados pessoais e de privacidade aplic\u00e1veis.<\/p>\n\n\n\n<p>Clique <a href=\"https:\/\/privacyportal-eu-cdn.onetrust.com\/dsarwebform\/64fbe94e-22c5-42e8-b2aa-2df1e4cb0961\/8b4dd880-5992-4c57-9d5e-5cb89009749d.html\">aqui<\/a> ou v\u00e1 a <a href=\"https:\/\/privacyportal-eu-cdn.onetrust.com\/dsarwebform\/64fbe94e-22c5-42e8-b2aa-2df1e4cb0961\/8b4dd880-5992-4c57-9d5e-5cb89009749d.html\">direitos.galp.com<\/a> para exercer os seus direitos consagrados na legisla\u00e7\u00e3o aplic\u00e1vel em mat\u00e9ria de dados pessoais e de privacidade. Em alternativa pode exerc\u00ea-los atrav\u00e9s do e-mail <a href=\"mailto:data.privacy@galp.com\">data.privacy@galp.com<\/a>.<\/p>\n\n\n\n<h2 class=\"wp-block-heading\">6. Informa\u00e7\u00e3o sobre cookies<\/h2>\n\n\n\n<p>Aconselhamos a leitura da pol\u00edtica de cookies, disponibilizada neste website e que constitui parte integrante da presente Pol\u00edtica, para saber mais informa\u00e7\u00f5es a respeito do tratamento dos seus dados pessoais realizado atrav\u00e9s desta funcionalidade.<\/p>\n\n\n\n<h2 class=\"wp-block-heading\">7. Altera\u00e7\u00f5es \u00e0 Pol\u00edtica de Prote\u00e7\u00e3o de Dados Pessoais e de Privacidade<\/h2>\n\n\n\n<p>A GALP pode, a qualquer momento, alterar a presente Pol\u00edtica em conformidade com novos requisitos legais ou regulamentares ou proceder \u00e0 respetiva atualiza\u00e7\u00e3o, caso tal se justifique. Aconselhamos a consulta regular desta Pol\u00edtica para verificar as vers\u00f5es mais atualizadas, sendo que a GALP procurar\u00e1 dar proactivamente conhecimento de quaisquer altera\u00e7\u00f5es relevantes, nomeadamente atrav\u00e9s da coloca\u00e7\u00e3o de um avi-so no website e\/ou dos meios de contacto que nos tenha disponibilizado, quando aplic\u00e1vel.<\/p>\n\n\n\n<p>Para quaisquer outras quest\u00f5es relacionadas com a prote\u00e7\u00e3o e privacidade dos dados pessoais pode contactar o Encarregado da Prote\u00e7\u00e3o de Dados do Grupo Galp atrav\u00e9s do e-mail <a href=\"mailto:dpo@galp.com\">dpo@galp.com<\/a>.<\/p>\n\n\n\n<p>Data da \u00faltima atualiza\u00e7\u00e3o: <strong>16\/12\/2025<\/strong>.<\/p>\n","protected":false},"excerpt":{"rendered":"<p>O Grupo Galp assegura o cumprimento das obriga\u00e7\u00f5es decorrentes do Regulamento (UE) 2016\/679 do Parlamento Europeu e do Conselho (RGPD) e demais legisla\u00e7\u00e3o sobre mat\u00e9ria de prote\u00e7\u00e3o de dados pessoais e privacidade. 1. Quem \u00e9 o respons\u00e1vel pelo tratamento dos meus dados pessoais? A Petrogal, S.A., com sede na Avenida da \u00cdndia, 8, 1349-065 Lisboa &#8230; <a title=\"Pol\u00edtica de prote\u00e7\u00e3o de dados pessoais e privacidade\" class=\"read-more\" href=\"https:\/\/www.galpsolar.com\/pt\/privacidade\/\" aria-label=\"Leia mais sobre Pol\u00edtica de prote\u00e7\u00e3o de dados pessoais e privacidade\">Ler mais<\/a><\/p>\n","protected":false},"author":1,"featured_media":0,"parent":0,"menu_order":0,"comment_status":"closed","ping_status":"closed","template":"","meta":{"_acf_changed":false,"footnotes":""},"wf_page_folders":[67],"class_list":["post-12","page","type-page","status-publish"],"acf":[],"yoast_head":"<!-- This site is optimized with the Yoast SEO plugin v23.7 - https:\/\/yoast.com\/wordpress\/plugins\/seo\/ -->\n<title>Pol\u00edtica de prote\u00e7\u00e3o de dados pessoais e privacidade - ei energ\u00eda powered by Galp<\/title>\n<meta name=\"robots\" content=\"noindex, follow\" \/>\n<meta property=\"og:locale\" content=\"pt_PT\" \/>\n<meta property=\"og:type\" content=\"article\" \/>\n<meta property=\"og:title\" content=\"Pol\u00edtica de prote\u00e7\u00e3o de dados pessoais e privacidade - ei energ\u00eda powered by Galp\" \/>\n<meta property=\"og:description\" content=\"O Grupo Galp assegura o cumprimento das obriga\u00e7\u00f5es decorrentes do Regulamento (UE) 2016\/679 do Parlamento Europeu e do Conselho (RGPD) e demais legisla\u00e7\u00e3o sobre mat\u00e9ria de prote\u00e7\u00e3o de dados pessoais e privacidade. 1. Quem \u00e9 o respons\u00e1vel pelo tratamento dos meus dados pessoais? A Petrogal, S.A., com sede na Avenida da \u00cdndia, 8, 1349-065 Lisboa ... Ler mais\" \/>\n<meta property=\"og:url\" content=\"https:\/\/www.galpsolar.com\/pt\/privacidade\/\" \/>\n<meta property=\"og:site_name\" content=\"ei energ\u00eda - Espa\u00f1a\" \/>\n<meta property=\"article:modified_time\" content=\"2026-01-23T17:17:54+00:00\" \/>\n<meta name=\"twitter:card\" content=\"summary_large_image\" \/>\n<meta name=\"twitter:label1\" content=\"Tempo estimado de leitura\" \/>\n\t<meta name=\"twitter:data1\" content=\"7 minutos\" \/>\n<script type=\"application\/ld+json\" class=\"yoast-schema-graph\">{\"@context\":\"https:\/\/schema.org\",\"@graph\":[{\"@type\":\"WebPage\",\"@id\":\"https:\/\/www.galpsolar.com\/pt\/privacidade\/\",\"url\":\"https:\/\/www.galpsolar.com\/pt\/privacidade\/\",\"name\":\"Pol\u00edtica de prote\u00e7\u00e3o de dados pessoais e privacidade - ei energ\u00eda powered by Galp\",\"isPartOf\":{\"@id\":\"https:\/\/www.galpsolar.com\/pt\/#website\"},\"datePublished\":\"2020-05-28T10:13:47+00:00\",\"dateModified\":\"2026-01-23T17:17:54+00:00\",\"breadcrumb\":{\"@id\":\"https:\/\/www.galpsolar.com\/pt\/privacidade\/#breadcrumb\"},\"inLanguage\":\"pt-PT\",\"potentialAction\":[{\"@type\":\"ReadAction\",\"target\":[\"https:\/\/www.galpsolar.com\/pt\/privacidade\/\"]}]},{\"@type\":\"BreadcrumbList\",\"@id\":\"https:\/\/www.galpsolar.com\/pt\/privacidade\/#breadcrumb\",\"itemListElement\":[{\"@type\":\"ListItem\",\"position\":1,\"name\":\"Portada\",\"item\":\"https:\/\/www.galpsolar.com\/pt\/\"},{\"@type\":\"ListItem\",\"position\":2,\"name\":\"Pol\u00edtica de prote\u00e7\u00e3o de dados pessoais e privacidade\"}]},{\"@type\":\"WebSite\",\"@id\":\"https:\/\/www.galpsolar.com\/pt\/#website\",\"url\":\"https:\/\/www.galpsolar.com\/pt\/\",\"name\":\"ei energ\u00eda - Espa\u00f1a\",\"description\":\"Si tienes un tejado, tienes un negocio\",\"publisher\":{\"@id\":\"https:\/\/www.galpsolar.com\/pt\/#organization\"},\"potentialAction\":[{\"@type\":\"SearchAction\",\"target\":{\"@type\":\"EntryPoint\",\"urlTemplate\":\"https:\/\/www.galpsolar.com\/pt\/?s={search_term_string}\"},\"query-input\":{\"@type\":\"PropertyValueSpecification\",\"valueRequired\":true,\"valueName\":\"search_term_string\"}}],\"inLanguage\":\"pt-PT\"},{\"@type\":\"Organization\",\"@id\":\"https:\/\/www.galpsolar.com\/pt\/#organization\",\"name\":\"Galp Solar\",\"url\":\"https:\/\/www.galpsolar.com\/pt\/\",\"logo\":{\"@type\":\"ImageObject\",\"inLanguage\":\"pt-PT\",\"@id\":\"https:\/\/www.galpsolar.com\/pt\/#\/schema\/logo\/image\/\",\"url\":\"https:\/\/www.galpsolar.com\/pt\/wp-content\/uploads\/sites\/15\/2021\/12\/GalpSolar-logo-1.svg\",\"contentUrl\":\"https:\/\/www.galpsolar.com\/pt\/wp-content\/uploads\/sites\/15\/2021\/12\/GalpSolar-logo-1.svg\",\"width\":168,\"height\":48,\"caption\":\"Galp Solar\"},\"image\":{\"@id\":\"https:\/\/www.galpsolar.com\/pt\/#\/schema\/logo\/image\/\"}}]}<\/script>\n<!-- \/ Yoast SEO plugin. -->","yoast_head_json":{"title":"Pol\u00edtica de prote\u00e7\u00e3o de dados pessoais e privacidade - ei energ\u00eda powered by Galp","robots":{"index":"noindex","follow":"follow"},"og_locale":"pt_PT","og_type":"article","og_title":"Pol\u00edtica de prote\u00e7\u00e3o de dados pessoais e privacidade - ei energ\u00eda powered by Galp","og_description":"O Grupo Galp assegura o cumprimento das obriga\u00e7\u00f5es decorrentes do Regulamento (UE) 2016\/679 do Parlamento Europeu e do Conselho (RGPD) e demais legisla\u00e7\u00e3o sobre mat\u00e9ria de prote\u00e7\u00e3o de dados pessoais e privacidade. 1. Quem \u00e9 o respons\u00e1vel pelo tratamento dos meus dados pessoais? A Petrogal, S.A., com sede na Avenida da \u00cdndia, 8, 1349-065 Lisboa ... Ler mais","og_url":"https:\/\/www.galpsolar.com\/pt\/privacidade\/","og_site_name":"ei energ\u00eda - Espa\u00f1a","article_modified_time":"2026-01-23T17:17:54+00:00","twitter_card":"summary_large_image","twitter_misc":{"Tempo estimado de leitura":"7 minutos"},"schema":{"@context":"https:\/\/schema.org","@graph":[{"@type":"WebPage","@id":"https:\/\/www.galpsolar.com\/pt\/privacidade\/","url":"https:\/\/www.galpsolar.com\/pt\/privacidade\/","name":"Pol\u00edtica de prote\u00e7\u00e3o de dados pessoais e privacidade - ei energ\u00eda powered by Galp","isPartOf":{"@id":"https:\/\/www.galpsolar.com\/pt\/#website"},"datePublished":"2020-05-28T10:13:47+00:00","dateModified":"2026-01-23T17:17:54+00:00","breadcrumb":{"@id":"https:\/\/www.galpsolar.com\/pt\/privacidade\/#breadcrumb"},"inLanguage":"pt-PT","potentialAction":[{"@type":"ReadAction","target":["https:\/\/www.galpsolar.com\/pt\/privacidade\/"]}]},{"@type":"BreadcrumbList","@id":"https:\/\/www.galpsolar.com\/pt\/privacidade\/#breadcrumb","itemListElement":[{"@type":"ListItem","position":1,"name":"Portada","item":"https:\/\/www.galpsolar.com\/pt\/"},{"@type":"ListItem","position":2,"name":"Pol\u00edtica de prote\u00e7\u00e3o de dados pessoais e privacidade"}]},{"@type":"WebSite","@id":"https:\/\/www.galpsolar.com\/pt\/#website","url":"https:\/\/www.galpsolar.com\/pt\/","name":"ei energ\u00eda - Espa\u00f1a","description":"Si tienes un tejado, tienes un negocio","publisher":{"@id":"https:\/\/www.galpsolar.com\/pt\/#organization"},"potentialAction":[{"@type":"SearchAction","target":{"@type":"EntryPoint","urlTemplate":"https:\/\/www.galpsolar.com\/pt\/?s={search_term_string}"},"query-input":{"@type":"PropertyValueSpecification","valueRequired":true,"valueName":"search_term_string"}}],"inLanguage":"pt-PT"},{"@type":"Organization","@id":"https:\/\/www.galpsolar.com\/pt\/#organization","name":"Galp Solar","url":"https:\/\/www.galpsolar.com\/pt\/","logo":{"@type":"ImageObject","inLanguage":"pt-PT","@id":"https:\/\/www.galpsolar.com\/pt\/#\/schema\/logo\/image\/","url":"https:\/\/www.galpsolar.com\/pt\/wp-content\/uploads\/sites\/15\/2021\/12\/GalpSolar-logo-1.svg","contentUrl":"https:\/\/www.galpsolar.com\/pt\/wp-content\/uploads\/sites\/15\/2021\/12\/GalpSolar-logo-1.svg","width":168,"height":48,"caption":"Galp Solar"},"image":{"@id":"https:\/\/www.galpsolar.com\/pt\/#\/schema\/logo\/image\/"}}]}},"_links":{"self":[{"href":"https:\/\/www.galpsolar.com\/pt\/wp-json\/wp\/v2\/pages\/12"}],"collection":[{"href":"https:\/\/www.galpsolar.com\/pt\/wp-json\/wp\/v2\/pages"}],"about":[{"href":"https:\/\/www.galpsolar.com\/pt\/wp-json\/wp\/v2\/types\/page"}],"author":[{"embeddable":true,"href":"https:\/\/www.galpsolar.com\/pt\/wp-json\/wp\/v2\/users\/1"}],"replies":[{"embeddable":true,"href":"https:\/\/www.galpsolar.com\/pt\/wp-json\/wp\/v2\/comments?post=12"}],"version-history":[{"count":10,"href":"https:\/\/www.galpsolar.com\/pt\/wp-json\/wp\/v2\/pages\/12\/revisions"}],"predecessor-version":[{"id":82598,"href":"https:\/\/www.galpsolar.com\/pt\/wp-json\/wp\/v2\/pages\/12\/revisions\/82598"}],"wp:attachment":[{"href":"https:\/\/www.galpsolar.com\/pt\/wp-json\/wp\/v2\/media?parent=12"}],"wp:term":[{"taxonomy":"wf_page_folders","embeddable":true,"href":"https:\/\/www.galpsolar.com\/pt\/wp-json\/wp\/v2\/wf_page_folders?post=12"}],"curies":[{"name":"wp","href":"https:\/\/api.w.org\/{rel}","templated":true}]}}